{"id":6402,"date":"2023-10-27T09:25:11","date_gmt":"2023-10-27T09:25:11","guid":{"rendered":"https:\/\/izzato.com\/?page_id=6402"},"modified":"2023-11-08T12:43:09","modified_gmt":"2023-11-08T12:43:09","slug":"servico-email-markting","status":"publish","type":"page","link":"https:\/\/izzato.com\/en\/servico-email-markting\/","title":{"rendered":"Servi\u00e7o Email Markting"},"content":{"rendered":"<div data-elementor-type=\"wp-page\" data-elementor-id=\"6402\" class=\"elementor elementor-6402\">\n\t\t\t\t\t\t<section class=\"elementor-section elementor-top-section elementor-element elementor-element-70d2ca5 services-details-area elementor-section-boxed elementor-section-height-default elementor-section-height-default\" data-id=\"70d2ca5\" data-element_type=\"section\">\n\t\t\t\t\t\t<div class=\"elementor-container elementor-column-gap-no\">\n\t\t\t\t\t<div class=\"elementor-column elementor-col-100 elementor-top-column elementor-element elementor-element-8624f14\" data-id=\"8624f14\" data-element_type=\"column\">\n\t\t\t<div class=\"elementor-widget-wrap elementor-element-populated\">\n\t\t\t\t\t\t<section class=\"elementor-section elementor-inner-section elementor-element elementor-element-212822e elementor-section-full_width elementor-section-height-default elementor-section-height-default\" data-id=\"212822e\" data-element_type=\"section\">\n\t\t\t\t\t\t<div class=\"elementor-container elementor-column-gap-no\">\n\t\t\t\t\t<div class=\"elementor-column elementor-col-50 elementor-inner-column elementor-element elementor-element-724bf57\" data-id=\"724bf57\" data-element_type=\"column\">\n\t\t\t<div class=\"elementor-widget-wrap elementor-element-populated\">\n\t\t\t\t\t\t<div class=\"elementor-element elementor-element-a6e3107 thumb elementor-widget elementor-widget-image\" data-id=\"a6e3107\" data-element_type=\"widget\" data-widget_type=\"image.default\">\n\t\t\t\t<div class=\"elementor-widget-container\">\n\t\t\t\t\t\t\t\t\t\t\t\t\t\t\t<img fetchpriority=\"high\" decoding=\"async\" width=\"612\" height=\"408\" src=\"https:\/\/izzato.com\/wp-content\/uploads\/2023\/10\/Email-Marketing.webp\" class=\"attachment-full size-full wp-image-6555\" alt=\"\" srcset=\"https:\/\/izzato.com\/wp-content\/uploads\/2023\/10\/Email-Marketing.webp 612w, https:\/\/izzato.com\/wp-content\/uploads\/2023\/10\/Email-Marketing-300x200.webp 300w\" sizes=\"(max-width: 612px) 100vw, 612px\" \/>\t\t\t\t\t\t\t\t\t\t\t\t\t\t\t<\/div>\n\t\t\t\t<\/div>\n\t\t\t\t<div class=\"elementor-element elementor-element-b311a92 elementor-widget elementor-widget-heading\" data-id=\"b311a92\" data-element_type=\"widget\" data-widget_type=\"heading.default\">\n\t\t\t\t<div class=\"elementor-widget-container\">\n\t\t\t\t\t<h3 class=\"elementor-heading-title elementor-size-default\">Servi\u00e7o de Email Marketing<\/h3>\t\t\t\t<\/div>\n\t\t\t\t<\/div>\n\t\t\t\t<div class=\"elementor-element elementor-element-5c04520 elementor-widget elementor-widget-text-editor\" data-id=\"5c04520\" data-element_type=\"widget\" data-widget_type=\"text-editor.default\">\n\t\t\t\t<div class=\"elementor-widget-container\">\n\t\t\t\t\t\t\t\t\t<p>Apesar de parecer uma abordagem antiquada, na realidade, \u00e9 um m\u00e9todo muito eficaz na gera\u00e7\u00e3o de leads. O e-mail marketing \u00e9 uma ferramenta vital para qualquer estrat\u00e9gia de marketing.<\/p>\t\t\t\t\t\t\t\t<\/div>\n\t\t\t\t<\/div>\n\t\t\t\t<div class=\"elementor-element elementor-element-f19d34b elementor-widget elementor-widget-heading\" data-id=\"f19d34b\" data-element_type=\"widget\" data-widget_type=\"heading.default\">\n\t\t\t\t<div class=\"elementor-widget-container\">\n\t\t\t\t\t<h3 class=\"elementor-heading-title elementor-size-default\">Planos EMAIL<\/h3>\t\t\t\t<\/div>\n\t\t\t\t<\/div>\n\t\t\t\t<div class=\"elementor-element elementor-element-8cc6b1a elementor-widget elementor-widget-html\" data-id=\"8cc6b1a\" data-element_type=\"widget\" data-widget_type=\"html.default\">\n\t\t\t\t<div class=\"elementor-widget-container\">\n\t\t\t\t\t<table>\r\n\t<tr>\r\n\t\t<th class=\"Titulo\">Planos EMAIL<\/th>\r\n\t\t<th class=\"Titulo\">Emails\/m\u00eas<\/th>\r\n\t\t<th class=\"Titulo\">Pre\u00e7o<\/th>\r\n\t<\/tr>\r\n    <tr>\r\n\t\t<td>Planos Lite<\/td>\r\n        <td>50.000<\/td>\r\n        <td>40\u20ac<\/td>\r\n    <\/tr>\r\n\t<tr>\r\n\t\t<td><\/td>\r\n        <td>100.000<\/td>\r\n        <td>60\u20ac<\/td>\r\n    <\/tr>\r\n\t<tr>\r\n\t\t<td><\/td>\r\n        <td>175.000<\/td>\r\n        <td>100\u20ac<\/td>\r\n    <\/tr>\r\n    <tr>\r\n\t\t<td>Planos Premium<\/td>\r\n        <td>250.000<\/td>\r\n        <td>125\u20ac<\/td>\r\n    <\/tr>\r\n\t<tr>\r\n\t\t<td><\/td>\r\n        <td>500.000<\/td>\r\n        <td>225\u20ac<\/td>\r\n    <\/tr>\r\n    \r\n    <tr>\r\n        <td>Planos Corporate <\/td>\r\n        <td>1.000.000<\/td>\r\n        <td>425\u20ac<\/td>\r\n    <\/tr>\r\n    <tr>\r\n\t\t<td><\/td>\r\n        <td>2.000.000<\/td>\r\n        <td>775\u20ac<\/td>\r\n    <\/tr>\r\n    <tr>\r\n\t\t<td><\/td>\r\n        <td>3.000.000<\/td>\r\n        <td>1.000\u20ac<\/td>\r\n    <\/tr>\r\n    <tr>\r\n\t\t<td><\/td>\r\n        <td>4.000.000<\/td>\r\n        <td>1.200\u20ac<\/td>\r\n    <\/tr>\r\n    <tr>\r\n\t\t<td><\/td>\r\n        <td>5.000.000<\/td>\r\n        <td>1.400\u20ac<\/td>\r\n    <\/tr>\r\n<\/table>\r\n<p class=\"taxa-vigor\">Pre\u00e7os sem IVA. Acrescte iva \u00e0 taxa legal em vigor.<\/p>\r\n<style>\r\n\ttable, th, td {\r\n\t  border: 0.5px solid;\r\n\t}\r\n\ttable {\r\n\t  width: 100%;\r\n\t}\r\n    .Titulo{\r\n       font-weight: bold\r\n\t   \r\n    }\r\n    .taxa-vigor{\r\n        font-size: 10px;\r\n        margin-top: -20px;\r\n    }\r\n<\/style>\t\t\t\t<\/div>\n\t\t\t\t<\/div>\n\t\t\t\t<div class=\"elementor-element elementor-element-cce4746 elementor-widget elementor-widget-text-editor\" data-id=\"cce4746\" data-element_type=\"widget\" data-widget_type=\"text-editor.default\">\n\t\t\t\t<div class=\"elementor-widget-container\">\n\t\t\t\t\t\t\t\t\t<p>Os planos Lite incluem as funcionalidades de envio<strong> transacional<\/strong> e envio <strong>massivo de marketing<\/strong>.<\/p><p>Os planos Premium acrescentam funcionalidades de <strong>Automa\u00e7\u00e3o<\/strong>, <strong>Gest\u00e3o de Landing pages<\/strong> e <strong>Gest\u00e3o de utilizadores adicionais<\/strong> na mesma conta cliente.<\/p><p>Os planos Corporate acrescentam o <strong>acompanhamento dedicado de um gestor de cliente<\/strong>.<\/p>\t\t\t\t\t\t\t\t<\/div>\n\t\t\t\t<\/div>\n\t\t\t\t<div class=\"elementor-element elementor-element-4627a2d elementor-widget elementor-widget-heading\" data-id=\"4627a2d\" data-element_type=\"widget\" data-widget_type=\"heading.default\">\n\t\t\t\t<div class=\"elementor-widget-container\">\n\t\t\t\t\t<h3 class=\"elementor-heading-title elementor-size-default\">Todos os planos incluem ainda as seguintes funcionalidades:<\/h3>\t\t\t\t<\/div>\n\t\t\t\t<\/div>\n\t\t\t\t<div class=\"elementor-element elementor-element-7bb24d3 elementor-widget elementor-widget-text-editor\" data-id=\"7bb24d3\" data-element_type=\"widget\" data-widget_type=\"text-editor.default\">\n\t\t\t\t<div class=\"elementor-widget-container\">\n\t\t\t\t\t\t\t\t\t<ul class=\"feature-list-item\"><li>Gest\u00e3o da base de dados destinat\u00e1rios: oferta<\/li><li>Conserva\u00e7\u00e3o hist\u00f3rico transa\u00e7\u00f5es detalhadas: 30 dias<\/li><li>Conserva\u00e7\u00e3o hist\u00f3rico transa\u00e7\u00f5es agregadas: 18 meses<\/li><li>Os cr\u00e9ditos de envio n\u00e3o utilizados num determinado m\u00eas n\u00e3o passam para o per\u00edodo seguinte<\/li><\/ul>\t\t\t\t\t\t\t\t<\/div>\n\t\t\t\t<\/div>\n\t\t\t\t<section class=\"elementor-section elementor-inner-section elementor-element elementor-element-4817ba6 project-more-info elementor-section-height-min-height elementor-section-boxed elementor-section-height-default\" data-id=\"4817ba6\" data-element_type=\"section\" data-settings=\"{&quot;background_background&quot;:&quot;classic&quot;}\">\n\t\t\t\t\t\t<div class=\"elementor-container elementor-column-gap-default\">\n\t\t\t\t\t<div class=\"elementor-column elementor-col-100 elementor-inner-column elementor-element elementor-element-9609775\" data-id=\"9609775\" data-element_type=\"column\">\n\t\t\t<div class=\"elementor-widget-wrap elementor-element-populated\">\n\t\t\t\t\t\t<div class=\"elementor-element elementor-element-e863f26 elementor-widget elementor-widget-heading\" data-id=\"e863f26\" data-element_type=\"widget\" data-widget_type=\"heading.default\">\n\t\t\t\t<div class=\"elementor-widget-container\">\n\t\t\t\t\t<h2 class=\"elementor-heading-title elementor-size-default\">Quer saber mais? <\/h2>\t\t\t\t<\/div>\n\t\t\t\t<\/div>\n\t\t\t\t<div class=\"elementor-element elementor-element-70b6381 elementor-widget elementor-widget-heading\" data-id=\"70b6381\" data-element_type=\"widget\" data-widget_type=\"heading.default\">\n\t\t\t\t<div class=\"elementor-widget-container\">\n\t\t\t\t\t<h2 class=\"elementor-heading-title elementor-size-default\">Marque j\u00e1 uma reuni\u00e3o com um consultor da izzato<\/h2>\t\t\t\t<\/div>\n\t\t\t\t<\/div>\n\t\t\t\t\t<\/div>\n\t\t<\/div>\n\t\t\t\t\t<\/div>\n\t\t<\/section>\n\t\t\t\t<div class=\"elementor-element elementor-element-789c6f0 elementor-widget elementor-widget-shortcode\" data-id=\"789c6f0\" data-element_type=\"widget\" data-widget_type=\"shortcode.default\">\n\t\t\t\t<div class=\"elementor-widget-container\">\n\t\t\t\t\t\t\t<div class=\"elementor-shortcode\">\n<div class=\"wpcf7 no-js\" id=\"wpcf7-f6269-o1\" lang=\"en-US\" dir=\"ltr\" data-wpcf7-id=\"6269\">\n<div class=\"screen-reader-response\"><p role=\"status\" aria-live=\"polite\" aria-atomic=\"true\"><\/p> <ul><\/ul><\/div>\n<form action=\"\/en\/wp-json\/wp\/v2\/pages\/6402#wpcf7-f6269-o1\" method=\"post\" class=\"wpcf7-form init\" aria-label=\"Contact form\" novalidate=\"novalidate\" data-status=\"init\" data-trp-original-action=\"\/en\/wp-json\/wp\/v2\/pages\/6402#wpcf7-f6269-o1\">\n<fieldset class=\"hidden-fields-container\"><input type=\"hidden\" name=\"_wpcf7\" value=\"6269\" \/><input type=\"hidden\" name=\"_wpcf7_version\" value=\"6.1.4\" \/><input type=\"hidden\" name=\"_wpcf7_locale\" value=\"en_US\" \/><input type=\"hidden\" name=\"_wpcf7_unit_tag\" value=\"wpcf7-f6269-o1\" \/><input type=\"hidden\" name=\"_wpcf7_container_post\" value=\"0\" \/><input type=\"hidden\" name=\"_wpcf7_posted_data_hash\" value=\"\" \/><input type=\"hidden\" name=\"_wpcf7_recaptcha_response\" value=\"\" \/>\n<\/fieldset>\n<div class=\"contact-form-style-one\">\n\t<div class=\"illustration wow fadeInRight\" data-wow-delay=\"300ms\">\n\t\t<p><img decoding=\"async\" src=\"https:\/\/wordpress.validthemes.net\/digalu\/wp-content\/uploads\/2023\/06\/20.png\" alt=\"Image Not Found\" \/>\n\t\t<\/p>\n\t<\/div>\n\t<h4 class=\"sub-heading\">Agendar\n\t<\/h4>\n\t<h2 class=\"heading\">Envie-nos o seu pedido de agendamento\n\t<\/h2>\n\t<div class=\"contact-form contact-form\">\n\t\t<div class=\"row\">\n\t\t\t<div class=\"col-lg-6\">\n\t\t\t\t<div class=\"form-group\">\n\t\t\t\t\t<p><span class=\"wpcf7-form-control-wrap\" data-name=\"text-10\"><input size=\"40\" maxlength=\"400\" class=\"wpcf7-form-control wpcf7-text wpcf7-validates-as-required form-control\" id=\"text-10\" aria-required=\"true\" aria-invalid=\"false\" placeholder=\"Nome*\" value=\"\" type=\"text\" name=\"text-10\" \/><\/span><span class=\"alert-error\"><\/span>\n\t\t\t\t\t<\/p>\n\t\t\t\t<\/div>\n\t\t\t<\/div>\n\t\t\t<div class=\"col-lg-6\">\n\t\t\t\t<div class=\"form-group\">\n\t\t\t\t\t<p><span class=\"wpcf7-form-control-wrap\" data-name=\"email-620\"><input size=\"40\" maxlength=\"400\" class=\"wpcf7-form-control wpcf7-email wpcf7-validates-as-required wpcf7-text wpcf7-validates-as-email form-control\" id=\"email-620\" aria-required=\"true\" aria-invalid=\"false\" placeholder=\"E-mail*\" value=\"\" type=\"email\" name=\"email-620\" \/><\/span><span class=\"alert-error\"><\/span>\n\t\t\t\t\t<\/p>\n\t\t\t\t<\/div>\n\t\t\t<\/div>\n\t\t<\/div>\n\t\t<div class=\"row\">\n\t\t\t<div class=\"col-lg-6\">\n\t\t\t\t<div class=\"form-group\">\n\t\t\t\t\t<p><span class=\"wpcf7-form-control-wrap\" data-name=\"tel-393\"><input size=\"40\" maxlength=\"400\" class=\"wpcf7-form-control wpcf7-tel wpcf7-validates-as-required wpcf7-text wpcf7-validates-as-tel form-control\" id=\"tel-393\" aria-required=\"true\" aria-invalid=\"false\" placeholder=\"Telem\u00f3vel*\" value=\"\" type=\"tel\" name=\"tel-393\" \/><\/span><span class=\"alert-error\"><\/span>\n\t\t\t\t\t<\/p>\n\t\t\t\t<\/div>\n\t\t\t<\/div>\n\t\t\t<div class=\"col-lg-6\">\n\t\t\t\t<div class=\"form-group\">\n\t\t\t\t\t<p><span class=\"wpcf7-form-control-wrap\" data-name=\"Data\"><input class=\"wpcf7-form-control wpcf7-date wpcf7-validates-as-required wpcf7-validates-as-date\" aria-required=\"true\" aria-invalid=\"false\" placeholder=\"Data\" value=\"\" type=\"date\" name=\"Data\" \/><\/span><span class=\"alert-error\"><\/span>\n\t\t\t\t\t<\/p>\n\t\t\t\t<\/div>\n\t\t\t<\/div>\n\t\t<\/div>\n\t\t<div class=\"row\">\n\t\t\t<div class=\"col-lg-12\">\n\t\t\t\t<div class=\"form-group comments\">\n\t\t\t\t\t<p><span class=\"wpcf7-form-control-wrap\" data-name=\"textarea-380\"><textarea cols=\"40\" rows=\"10\" maxlength=\"2000\" class=\"wpcf7-form-control wpcf7-textarea wpcf7-validates-as-required form-control\" id=\"textarea-380\" aria-required=\"true\" aria-invalid=\"false\" placeholder=\"Mensagem*\" name=\"textarea-380\"><\/textarea><\/span>\n\t\t\t\t\t<\/p>\n\t\t\t\t<\/div>\n\t\t\t<\/div>\n\t\t<\/div>\n\t\t<div class=\"row\">\n\t\t\t<div class=\"col-lg-12\">\n\t\t\t\t<p><button type=\"submit\" name=\"submit\" id=\"submit\"><i class=\"fa fa-paper-plane\"><\/i> Enviar<\/button>\n\t\t\t\t<\/p>\n\t\t\t<\/div>\n\t\t<\/div>\n\t<\/div>\n<\/div><div class=\"wpcf7-response-output\" aria-hidden=\"true\"><\/div>\n<input type=\"hidden\" name=\"trp-form-language\" value=\"en\"\/><\/form>\n<\/div>\n<\/div>\n\t\t\t\t\t\t<\/div>\n\t\t\t\t<\/div>\n\t\t\t\t\t<\/div>\n\t\t<\/div>\n\t\t\t\t<div class=\"elementor-column elementor-col-50 elementor-inner-column elementor-element elementor-element-27670fc services-sidebar\" data-id=\"27670fc\" data-element_type=\"column\">\n\t\t\t<div class=\"elementor-widget-wrap elementor-element-populated\">\n\t\t\t\t\t\t<div class=\"elementor-element elementor-element-80ede1d elementor-widget elementor-widget-sidebar\" data-id=\"80ede1d\" data-element_type=\"widget\" data-widget_type=\"sidebar.default\">\n\t\t\t\t<div class=\"elementor-widget-container\">\n\t\t\t\t\t<div class=\"single-widget\"><div id=\"nav_menu-2\" class=\"services-sidebar widget_nav_menu\"><h4 class=\"widget-title\">Produtos e Servi\u00e7os<\/h4><div class=\"menu-marketing-produtos-e-servicos-container\"><ul id=\"menu-marketing-produtos-e-servicos\" class=\"menu\"><li id=\"menu-item-6795\" class=\"menu-item menu-item-type-post_type menu-item-object-page menu-item-6795\"><a href=\"https:\/\/izzato.com\/en\/servico-sms-markting\/\">SMS Markting<\/a><\/li>\n<li id=\"menu-item-6796\" class=\"menu-item menu-item-type-post_type menu-item-object-page menu-item-6796\"><a href=\"https:\/\/izzato.com\/en\/servico-email-markting\/\">Email Markting<\/a><\/li>\n<li id=\"menu-item-5735\" class=\"menu-item menu-item-type-custom menu-item-object-custom menu-item-5735\"><a href=\"https:\/\/izzato.com\/en\/crm-gestao-e-acompanhamento-dos-clientes\/\">CRM &#8211; Gest\u00e3o de clientes<\/a><\/li>\n<li id=\"menu-item-6286\" class=\"menu-item menu-item-type-custom menu-item-object-custom menu-item-6286\"><a href=\"https:\/\/izzato.com\/en\/software-de-gestao-ooh\/\">Software de gest\u00e3o OOH<\/a><\/li>\n<li id=\"menu-item-5736\" class=\"menu-item menu-item-type-custom menu-item-object-custom menu-item-5736\"><a href=\"https:\/\/izzato.com\/en\/canal-da-denuncia\/\">Canal da den\u00fancia<\/a><\/li>\n<li id=\"menu-item-5737\" class=\"menu-item menu-item-type-custom menu-item-object-custom menu-item-5737\"><a href=\"https:\/\/izzato.com\/en\/plataforma-qrmenu\/\">Plataforma QrMenu<\/a><\/li>\n<li id=\"menu-item-5738\" class=\"menu-item menu-item-type-custom menu-item-object-custom menu-item-5738\"><a href=\"https:\/\/izzato.com\/en\/plataformas-para-eventos\/\">Plataformas para eventos<\/a><\/li>\n<li id=\"menu-item-6259\" class=\"menu-item menu-item-type-custom menu-item-object-custom menu-item-6259\"><a href=\"https:\/\/izzato.com\/en\/plataforma-de-peritragem\/\">Plataforma de Peritragem<\/a><\/li>\n<li id=\"menu-item-5739\" class=\"menu-item menu-item-type-custom menu-item-object-custom menu-item-5739\"><a href=\"https:\/\/izzato.com\/en\/software-de-gestao\/\">Software de Gest\u00e3o<\/a><\/li>\n<li id=\"menu-item-5741\" class=\"menu-item menu-item-type-custom menu-item-object-custom menu-item-5741\"><a href=\"https:\/\/izzato.com\/en\/servidores-windows\/\">Servidores privados Windows<\/a><\/li>\n<li id=\"menu-item-5742\" class=\"menu-item menu-item-type-custom menu-item-object-custom menu-item-5742\"><a href=\"https:\/\/izzato.com\/en\/servicos-de-alojamento-linux\/\">Servi\u00e7os de Alojamento Linux<\/a><\/li>\n<li id=\"menu-item-5743\" class=\"menu-item menu-item-type-custom menu-item-object-custom menu-item-5743\"><a href=\"https:\/\/izzato.com\/en\/presenca-na-web-e-ecommerce\/\">Presen\u00e7a na web e Ecommerce<\/a><\/li>\n<li id=\"menu-item-5744\" class=\"menu-item menu-item-type-custom menu-item-object-custom menu-item-5744\"><a href=\"https:\/\/izzato.com\/en\/email-profissional\/\">Servi\u00e7o de email<\/a><\/li>\n<li id=\"menu-item-5745\" class=\"menu-item menu-item-type-custom menu-item-object-custom menu-item-5745\"><a href=\"https:\/\/izzato.com\/en\/armazenamento-cloud\/\">Armazenamento Cloud<\/a><\/li>\n<li id=\"menu-item-5746\" class=\"menu-item menu-item-type-custom menu-item-object-custom menu-item-5746\"><a href=\"https:\/\/izzato.com\/en\/desktop-remoto\/\">Desktop Remoto<\/a><\/li>\n<li id=\"menu-item-5748\" class=\"menu-item menu-item-type-custom menu-item-object-custom menu-item-5748\"><a href=\"https:\/\/izzato.com\/en\/consultoria-digital\/\">Consultoria Digital<\/a><\/li>\n<\/ul><\/div><\/div><\/div><div class=\"single-widget\"><div id=\"digalu_service_cta_widget-1\" class=\"services-sidebar\"><div class=\"single-widget quick-contact-widget text-light\" style=\"background-image: url();\"><div class=\"content\"><h3>Precisa de ajuda?<\/h3><p>Se necessita de alguma informa\u00e7\u00e3o acerca de produtos ou servi\u00e7os entre em contacto<\/p><h4><a href=\"mailto:http:\/\/info@izzato.com\">info@izzato.com<\/a><\/h4><a class=\"btn mt-30 circle btn-sm btn-gradient\" href=\"https:\/\/izzato.com\/en\/contactos\/\">Contactar<\/a><\/div><\/div><\/div><\/div><!-- End of Author Widget --><div class=\"single-widget\"><div id=\"block-41\" class=\"services-sidebar widget_block\"><h4>Por favor digite o seu numero de telefone<\/h4>\r\n<a id=\"arcontactus-menu-item-9\" \r\n   style=\"border-left: 2px solid #4EB625;    \"\r\n   class=\"arcu-menu-item\"\r\n            href=\"#\"\r\n        onclick=\"jQuery('#arcontactus').contactUs('openCallbackPopup'); return false;\"\r\n    >\r\n    <span class=\"arcu-menu-item-icon\" style=\"color: #4EB625\">\r\n        <svg xmlns=\"http:\/\/www.w3.org\/2000\/svg\" viewbox=\"0 0 512 512\"><path fill=\"currentColor\" d=\"M493.4 24.6l-104-24c-11.3-2.6-22.9 3.3-27.5 13.9l-48 112c-4.2 9.8-1.4 21.3 6.9 28l60.6 49.6c-36 76.7-98.9 140.5-177.2 177.2l-49.6-60.6c-6.8-8.3-18.2-11.1-28-6.9l-112 48C3.9 366.5-2 378.1.6 389.4l24 104C27.1 504.2 36.7 512 48 512c256.1 0 464-207.5 464-464 0-11.2-7.7-20.9-18.6-23.4z\"><\/path><\/svg>    <\/span>\r\n    <span class=\"arcu-menu-item-title\" style=\"\">\r\n        N\u00f3s ligamos    <\/span>\r\n<\/a><\/div><\/div><div class=\"single-widget\"><div id=\"digalu_service_cta_widget-10\" class=\"services-sidebar\"><div class=\"single-widget quick-contact-widget text-light\" style=\"background-image: url();\"><div class=\"content\"><h3>Apoio ao Cliente<\/h3><p>Se necessita de apoio t\u00e9cnico submeta o seu pedido no bot\u00e3o a seguir<\/p><a class=\"btn mt-30 circle btn-sm btn-gradient\" href=\"https:\/\/suporte.izzato.com\/open.php\">Pedir suporte<\/a><\/div><\/div><\/div><\/div><!-- End of Author Widget -->\t\t\t\t<\/div>\n\t\t\t\t<\/div>\n\t\t\t\t\t<\/div>\n\t\t<\/div>\n\t\t\t\t\t<\/div>\n\t\t<\/section>\n\t\t\t\t\t<\/div>\n\t\t<\/div>\n\t\t\t\t\t<\/div>\n\t\t<\/section>\n\t\t\t\t<\/div>","protected":false},"excerpt":{"rendered":"<p>Servi\u00e7o de Email Marketing Apesar de parecer uma abordagem antiquada, na realidade, \u00e9 um m\u00e9todo muito eficaz na gera\u00e7\u00e3o de leads. O e-mail marketing \u00e9 uma ferramenta vital para qualquer estrat\u00e9gia de marketing. Planos EMAIL Planos EMAIL Emails\/m\u00eas Pre\u00e7o Planos Lite 50.000 40\u20ac 100.000 60\u20ac 175.000 100\u20ac Planos Premium 250.000 125\u20ac 500.000 225\u20ac Planos Corporate&#8230;<\/p>","protected":false},"author":1,"featured_media":0,"parent":0,"menu_order":0,"comment_status":"closed","ping_status":"closed","template":"template-builder.php","meta":{"_monsterinsights_skip_tracking":false,"_monsterinsights_sitenote_active":false,"_monsterinsights_sitenote_note":"","_monsterinsights_sitenote_category":0,"footnotes":""},"class_list":["post-6402","page","type-page","status-publish","hentry"],"aioseo_notices":[],"_links":{"self":[{"href":"https:\/\/izzato.com\/en\/wp-json\/wp\/v2\/pages\/6402","targetHints":{"allow":["GET"]}}],"collection":[{"href":"https:\/\/izzato.com\/en\/wp-json\/wp\/v2\/pages"}],"about":[{"href":"https:\/\/izzato.com\/en\/wp-json\/wp\/v2\/types\/page"}],"author":[{"embeddable":true,"href":"https:\/\/izzato.com\/en\/wp-json\/wp\/v2\/users\/1"}],"replies":[{"embeddable":true,"href":"https:\/\/izzato.com\/en\/wp-json\/wp\/v2\/comments?post=6402"}],"version-history":[{"count":0,"href":"https:\/\/izzato.com\/en\/wp-json\/wp\/v2\/pages\/6402\/revisions"}],"wp:attachment":[{"href":"https:\/\/izzato.com\/en\/wp-json\/wp\/v2\/media?parent=6402"}],"curies":[{"name":"wp","href":"https:\/\/api.w.org\/{rel}","templated":true}]}}