{"id":6264,"date":"2023-10-23T10:44:52","date_gmt":"2023-10-23T10:44:52","guid":{"rendered":"https:\/\/izzato.com\/?page_id=6264"},"modified":"2023-11-03T08:39:33","modified_gmt":"2023-11-03T08:39:33","slug":"consultoria-digital","status":"publish","type":"page","link":"https:\/\/izzato.com\/en\/consultoria-digital\/","title":{"rendered":"Consultoria Digital"},"content":{"rendered":"<div data-elementor-type=\"wp-page\" data-elementor-id=\"6264\" class=\"elementor elementor-6264\">\n\t\t\t\t\t\t<section class=\"elementor-section elementor-top-section elementor-element elementor-element-70d2ca5 services-details-area elementor-section-boxed elementor-section-height-default elementor-section-height-default\" data-id=\"70d2ca5\" data-element_type=\"section\">\n\t\t\t\t\t\t<div class=\"elementor-container elementor-column-gap-no\">\n\t\t\t\t\t<div class=\"elementor-column elementor-col-100 elementor-top-column elementor-element elementor-element-8624f14\" data-id=\"8624f14\" data-element_type=\"column\">\n\t\t\t<div class=\"elementor-widget-wrap elementor-element-populated\">\n\t\t\t\t\t\t<section class=\"elementor-section elementor-inner-section elementor-element elementor-element-212822e elementor-section-full_width elementor-section-height-default elementor-section-height-default\" data-id=\"212822e\" data-element_type=\"section\">\n\t\t\t\t\t\t<div class=\"elementor-container elementor-column-gap-no\">\n\t\t\t\t\t<div class=\"elementor-column elementor-col-50 elementor-inner-column elementor-element elementor-element-724bf57\" data-id=\"724bf57\" data-element_type=\"column\">\n\t\t\t<div class=\"elementor-widget-wrap elementor-element-populated\">\n\t\t\t\t\t\t<div class=\"elementor-element elementor-element-a6e3107 thumb elementor-widget elementor-widget-image\" data-id=\"a6e3107\" data-element_type=\"widget\" data-widget_type=\"image.default\">\n\t\t\t\t<div class=\"elementor-widget-container\">\n\t\t\t\t\t\t\t\t\t\t\t\t\t\t\t<img fetchpriority=\"high\" decoding=\"async\" width=\"1140\" height=\"597\" src=\"https:\/\/izzato.com\/wp-content\/uploads\/2023\/10\/Consultoria-de-marketing.png\" class=\"attachment-full size-full wp-image-6500\" alt=\"\" srcset=\"https:\/\/izzato.com\/wp-content\/uploads\/2023\/10\/Consultoria-de-marketing.png 1140w, https:\/\/izzato.com\/wp-content\/uploads\/2023\/10\/Consultoria-de-marketing-300x157.png 300w, https:\/\/izzato.com\/wp-content\/uploads\/2023\/10\/Consultoria-de-marketing-1024x536.png 1024w, https:\/\/izzato.com\/wp-content\/uploads\/2023\/10\/Consultoria-de-marketing-768x402.png 768w\" sizes=\"(max-width: 1140px) 100vw, 1140px\" \/>\t\t\t\t\t\t\t\t\t\t\t\t\t\t\t<\/div>\n\t\t\t\t<\/div>\n\t\t\t\t<div class=\"elementor-element elementor-element-676b354 elementor-widget elementor-widget-heading\" data-id=\"676b354\" data-element_type=\"widget\" data-widget_type=\"heading.default\">\n\t\t\t\t<div class=\"elementor-widget-container\">\n\t\t\t\t\t<h3 class=\"elementor-heading-title elementor-size-default\">Servi\u00e7os de consultoria digital<\/h3>\t\t\t\t<\/div>\n\t\t\t\t<\/div>\n\t\t\t\t<div class=\"elementor-element elementor-element-7223333 elementor-widget elementor-widget-text-editor\" data-id=\"7223333\" data-element_type=\"widget\" data-widget_type=\"text-editor.default\">\n\t\t\t\t<div class=\"elementor-widget-container\">\n\t\t\t\t\t\t\t\t\t<p>A transforma\u00e7\u00e3o digital n\u00e3o acontece no v\u00e1cuo.<\/p><p>Por isso na izzato\u00ae combinamos experi\u00eancia em neg\u00f3cios e tecnologia na procura de respostas para os desafios das empresas.<\/p><p>Em conjunto com o cliente criamos solu\u00e7\u00f5es personalizadas com base nas suas necessidades, mercados com que trabalha e resultados desejados.<\/p><p>Queremos ajudar os nossos clientes a criar mudan\u00e7as que realmente importem.<\/p><p>A desenvolver a transforma\u00e7\u00e3o possibilitada pela tecnologia e sustentada por meio de recursos e capacidades que desenvolvemos ao longo de 20 anos.<br \/><br \/><em>Este servi\u00e7o tem como intuito <\/em><em>conduzir empresas e organiza\u00e7\u00f5es a atingirem os seus objetivos<\/em> de inova\u00e7\u00e3o e transforma\u00e7\u00e3o digital da forma mais eficiente e a manterem-se relevantes no mercado por meio da tecnologia da informa\u00e7\u00e3o e dos canais digitais.<\/p>\t\t\t\t\t\t\t\t<\/div>\n\t\t\t\t<\/div>\n\t\t\t\t<div class=\"elementor-element elementor-element-34b6053 elementor-widget elementor-widget-text-editor\" data-id=\"34b6053\" data-element_type=\"widget\" data-widget_type=\"text-editor.default\">\n\t\t\t\t<div class=\"elementor-widget-container\">\n\t\t\t\t\t\t\t\t\t<div class=\"services-more\">\n<div class=\"row\">\n<div class=\"col-md-6\">\n<div class=\"item\">\n<h3>Design de experi\u00eancia do cliente<\/h3>\nMelhore a forma como a sua organiza\u00e7\u00e3o interage com clientes, parceiros e funcion\u00e1rios.\u00a0<span style=\"color: var(--color-paragraph); font-family: var(--font-default); text-align: var(--bs-body-text-align);\">Num mundo de m\u00faltiplos pontos de contacto e canais, cada intera\u00e7\u00e3o e experi\u00eancia com as necessidades dos clientes devem ser cuidadosamente elaboradas para obter resultados que atendam \u00e0s necessidades dos clientes e objetivos dos neg\u00f3cios.<\/span>\n<br><br><br>\n<\/div>\n<\/div>\n<div class=\"col-md-6\">\n<div class=\"item\">\n<h3>Design de experi\u00eancia digital<\/h3>\nN\u00f3s vamos orient\u00e1-lo no projecto de interac\u00e7\u00f5es digitais modernas que maximizam os investimentos em tecnologia e inova\u00e7\u00e3o nas experi\u00eancias do cliente.\u00a0<span style=\"color: var(--color-paragraph); font-family: var(--font-default); text-align: var(--bs-body-text-align);\">O objectivo \u00e9 sempre maximizar as rela\u00e7\u00f5es com os clientes que aproveitam aplica\u00e7\u00f5es actuais e ferramentas internas.\u00a0<\/span><span style=\"color: var(--color-paragraph); font-family: var(--font-default); text-align: var(--bs-body-text-align);\">Esse \u00e9 o trabalho que refor\u00e7a e apoia os esfor\u00e7os de vendas e servi\u00e7os que, em conjunto, constituem a experi\u00eancia do cliente em todos os n\u00edveis da rela\u00e7\u00e3o.<\/span>\n\n<\/div>\n<\/div>\n<\/div>\n<\/div>\t\t\t\t\t\t\t\t<\/div>\n\t\t\t\t<\/div>\n\t\t\t\t<div class=\"elementor-element elementor-element-0f1867e elementor-widget elementor-widget-heading\" data-id=\"0f1867e\" data-element_type=\"widget\" data-widget_type=\"heading.default\">\n\t\t\t\t<div class=\"elementor-widget-container\">\n\t\t\t\t\t<h3 class=\"elementor-heading-title elementor-size-default\">Torne-se uma empresa intuitiva<\/h3>\t\t\t\t<\/div>\n\t\t\t\t<\/div>\n\t\t\t\t<div class=\"elementor-element elementor-element-da1ee06 elementor-widget elementor-widget-text-editor\" data-id=\"da1ee06\" data-element_type=\"widget\" data-widget_type=\"text-editor.default\">\n\t\t\t\t<div class=\"elementor-widget-container\">\n\t\t\t\t\t\t\t\t\t<p>Os dispositivos digitais e m\u00f3veis de hoje fornecem acesso sem precedentes a informa\u00e7\u00f5es, produtos e servi\u00e7os numa ampla variedade de canais digitais.<\/p><p>As empresas precisam de criar uma experi\u00eancia de marca integrada, projectando-a claramente em v\u00e1rios pontos de contacto, canais e dispositivos que os seus clientes utilizam.<\/p><p>Precisam tamb\u00e9m de aproveitar a an\u00e1lise e a riqueza de dados dispon\u00edveis dentro e ao redor da empresa para sentir e moldar as oportunidades de mercado antes dos seus concorrentes. Essa estrat\u00e9gia digital \u00e9 um passo importante para se tornar uma empresa intuitiva.<\/p>\t\t\t\t\t\t\t\t<\/div>\n\t\t\t\t<\/div>\n\t\t\t\t<section class=\"elementor-section elementor-inner-section elementor-element elementor-element-cfe0b6b project-more-info elementor-section-height-min-height elementor-section-boxed elementor-section-height-default\" data-id=\"cfe0b6b\" data-element_type=\"section\" data-settings=\"{&quot;background_background&quot;:&quot;classic&quot;}\">\n\t\t\t\t\t\t<div class=\"elementor-container elementor-column-gap-default\">\n\t\t\t\t\t<div class=\"elementor-column elementor-col-100 elementor-inner-column elementor-element elementor-element-1552c15\" data-id=\"1552c15\" data-element_type=\"column\">\n\t\t\t<div class=\"elementor-widget-wrap elementor-element-populated\">\n\t\t\t\t\t\t<div class=\"elementor-element elementor-element-f2d08a5 elementor-widget elementor-widget-heading\" data-id=\"f2d08a5\" data-element_type=\"widget\" data-widget_type=\"heading.default\">\n\t\t\t\t<div class=\"elementor-widget-container\">\n\t\t\t\t\t<h2 class=\"elementor-heading-title elementor-size-default\">Quer saber mais?<\/h2>\t\t\t\t<\/div>\n\t\t\t\t<\/div>\n\t\t\t\t<div class=\"elementor-element elementor-element-1b705b9 elementor-widget elementor-widget-heading\" data-id=\"1b705b9\" data-element_type=\"widget\" data-widget_type=\"heading.default\">\n\t\t\t\t<div class=\"elementor-widget-container\">\n\t\t\t\t\t<h2 class=\"elementor-heading-title elementor-size-default\">Marque j\u00e1 uma reuni\u00e3o com um consultor da izzato<\/h2>\t\t\t\t<\/div>\n\t\t\t\t<\/div>\n\t\t\t\t\t<\/div>\n\t\t<\/div>\n\t\t\t\t\t<\/div>\n\t\t<\/section>\n\t\t\t\t<div class=\"elementor-element elementor-element-789c6f0 elementor-widget elementor-widget-shortcode\" data-id=\"789c6f0\" data-element_type=\"widget\" data-widget_type=\"shortcode.default\">\n\t\t\t\t<div class=\"elementor-widget-container\">\n\t\t\t\t\t\t\t<div class=\"elementor-shortcode\">\n<div class=\"wpcf7 no-js\" id=\"wpcf7-f6269-o1\" lang=\"en-US\" dir=\"ltr\" data-wpcf7-id=\"6269\">\n<div class=\"screen-reader-response\"><p role=\"status\" aria-live=\"polite\" aria-atomic=\"true\"><\/p> <ul><\/ul><\/div>\n<form action=\"\/en\/wp-json\/wp\/v2\/pages\/6264#wpcf7-f6269-o1\" method=\"post\" class=\"wpcf7-form init\" aria-label=\"Contact form\" novalidate=\"novalidate\" data-status=\"init\" data-trp-original-action=\"\/en\/wp-json\/wp\/v2\/pages\/6264#wpcf7-f6269-o1\">\n<fieldset class=\"hidden-fields-container\"><input type=\"hidden\" name=\"_wpcf7\" value=\"6269\" \/><input type=\"hidden\" name=\"_wpcf7_version\" value=\"6.1.4\" \/><input type=\"hidden\" name=\"_wpcf7_locale\" value=\"en_US\" \/><input type=\"hidden\" name=\"_wpcf7_unit_tag\" value=\"wpcf7-f6269-o1\" \/><input type=\"hidden\" name=\"_wpcf7_container_post\" value=\"0\" \/><input type=\"hidden\" name=\"_wpcf7_posted_data_hash\" value=\"\" \/><input type=\"hidden\" name=\"_wpcf7_recaptcha_response\" value=\"\" \/>\n<\/fieldset>\n<div class=\"contact-form-style-one\">\n\t<div class=\"illustration wow fadeInRight\" data-wow-delay=\"300ms\">\n\t\t<p><img decoding=\"async\" src=\"https:\/\/wordpress.validthemes.net\/digalu\/wp-content\/uploads\/2023\/06\/20.png\" alt=\"Image Not Found\" \/>\n\t\t<\/p>\n\t<\/div>\n\t<h4 class=\"sub-heading\">Agendar\n\t<\/h4>\n\t<h2 class=\"heading\">Envie-nos o seu pedido de agendamento\n\t<\/h2>\n\t<div class=\"contact-form contact-form\">\n\t\t<div class=\"row\">\n\t\t\t<div class=\"col-lg-6\">\n\t\t\t\t<div class=\"form-group\">\n\t\t\t\t\t<p><span class=\"wpcf7-form-control-wrap\" data-name=\"text-10\"><input size=\"40\" maxlength=\"400\" class=\"wpcf7-form-control wpcf7-text wpcf7-validates-as-required form-control\" id=\"text-10\" aria-required=\"true\" aria-invalid=\"false\" placeholder=\"Nome*\" value=\"\" type=\"text\" name=\"text-10\" \/><\/span><span class=\"alert-error\"><\/span>\n\t\t\t\t\t<\/p>\n\t\t\t\t<\/div>\n\t\t\t<\/div>\n\t\t\t<div class=\"col-lg-6\">\n\t\t\t\t<div class=\"form-group\">\n\t\t\t\t\t<p><span class=\"wpcf7-form-control-wrap\" data-name=\"email-620\"><input size=\"40\" maxlength=\"400\" class=\"wpcf7-form-control wpcf7-email wpcf7-validates-as-required wpcf7-text wpcf7-validates-as-email form-control\" id=\"email-620\" aria-required=\"true\" aria-invalid=\"false\" placeholder=\"E-mail*\" value=\"\" type=\"email\" name=\"email-620\" \/><\/span><span class=\"alert-error\"><\/span>\n\t\t\t\t\t<\/p>\n\t\t\t\t<\/div>\n\t\t\t<\/div>\n\t\t<\/div>\n\t\t<div class=\"row\">\n\t\t\t<div class=\"col-lg-6\">\n\t\t\t\t<div class=\"form-group\">\n\t\t\t\t\t<p><span class=\"wpcf7-form-control-wrap\" data-name=\"tel-393\"><input size=\"40\" maxlength=\"400\" class=\"wpcf7-form-control wpcf7-tel wpcf7-validates-as-required wpcf7-text wpcf7-validates-as-tel form-control\" id=\"tel-393\" aria-required=\"true\" aria-invalid=\"false\" placeholder=\"Telem\u00f3vel*\" value=\"\" type=\"tel\" name=\"tel-393\" \/><\/span><span class=\"alert-error\"><\/span>\n\t\t\t\t\t<\/p>\n\t\t\t\t<\/div>\n\t\t\t<\/div>\n\t\t\t<div class=\"col-lg-6\">\n\t\t\t\t<div class=\"form-group\">\n\t\t\t\t\t<p><span class=\"wpcf7-form-control-wrap\" data-name=\"Data\"><input class=\"wpcf7-form-control wpcf7-date wpcf7-validates-as-required wpcf7-validates-as-date\" aria-required=\"true\" aria-invalid=\"false\" placeholder=\"Data\" value=\"\" type=\"date\" name=\"Data\" \/><\/span><span class=\"alert-error\"><\/span>\n\t\t\t\t\t<\/p>\n\t\t\t\t<\/div>\n\t\t\t<\/div>\n\t\t<\/div>\n\t\t<div class=\"row\">\n\t\t\t<div class=\"col-lg-12\">\n\t\t\t\t<div class=\"form-group comments\">\n\t\t\t\t\t<p><span class=\"wpcf7-form-control-wrap\" data-name=\"textarea-380\"><textarea cols=\"40\" rows=\"10\" maxlength=\"2000\" class=\"wpcf7-form-control wpcf7-textarea wpcf7-validates-as-required form-control\" id=\"textarea-380\" aria-required=\"true\" aria-invalid=\"false\" placeholder=\"Mensagem*\" name=\"textarea-380\"><\/textarea><\/span>\n\t\t\t\t\t<\/p>\n\t\t\t\t<\/div>\n\t\t\t<\/div>\n\t\t<\/div>\n\t\t<div class=\"row\">\n\t\t\t<div class=\"col-lg-12\">\n\t\t\t\t<p><button type=\"submit\" name=\"submit\" id=\"submit\"><i class=\"fa fa-paper-plane\"><\/i> Enviar<\/button>\n\t\t\t\t<\/p>\n\t\t\t<\/div>\n\t\t<\/div>\n\t<\/div>\n<\/div><div class=\"wpcf7-response-output\" aria-hidden=\"true\"><\/div>\n<input type=\"hidden\" name=\"trp-form-language\" value=\"en\"\/><\/form>\n<\/div>\n<\/div>\n\t\t\t\t\t\t<\/div>\n\t\t\t\t<\/div>\n\t\t\t\t\t<\/div>\n\t\t<\/div>\n\t\t\t\t<div class=\"elementor-column elementor-col-50 elementor-inner-column elementor-element elementor-element-27670fc services-sidebar\" data-id=\"27670fc\" data-element_type=\"column\">\n\t\t\t<div class=\"elementor-widget-wrap elementor-element-populated\">\n\t\t\t\t\t\t<div class=\"elementor-element elementor-element-80ede1d elementor-widget elementor-widget-sidebar\" data-id=\"80ede1d\" data-element_type=\"widget\" data-widget_type=\"sidebar.default\">\n\t\t\t\t<div class=\"elementor-widget-container\">\n\t\t\t\t\t<div class=\"single-widget\"><div id=\"nav_menu-2\" class=\"services-sidebar widget_nav_menu\"><h4 class=\"widget-title\">Produtos e Servi\u00e7os<\/h4><div class=\"menu-marketing-produtos-e-servicos-container\"><ul id=\"menu-marketing-produtos-e-servicos\" class=\"menu\"><li id=\"menu-item-6795\" class=\"menu-item menu-item-type-post_type menu-item-object-page menu-item-6795\"><a href=\"https:\/\/izzato.com\/en\/servico-sms-markting\/\">SMS Markting<\/a><\/li>\n<li id=\"menu-item-6796\" class=\"menu-item menu-item-type-post_type menu-item-object-page menu-item-6796\"><a href=\"https:\/\/izzato.com\/en\/servico-email-markting\/\">Email Markting<\/a><\/li>\n<li id=\"menu-item-5735\" class=\"menu-item menu-item-type-custom menu-item-object-custom menu-item-5735\"><a href=\"https:\/\/izzato.com\/en\/crm-gestao-e-acompanhamento-dos-clientes\/\">CRM &#8211; Gest\u00e3o de clientes<\/a><\/li>\n<li id=\"menu-item-6286\" class=\"menu-item menu-item-type-custom menu-item-object-custom menu-item-6286\"><a href=\"https:\/\/izzato.com\/en\/software-de-gestao-ooh\/\">Software de gest\u00e3o OOH<\/a><\/li>\n<li id=\"menu-item-5736\" class=\"menu-item menu-item-type-custom menu-item-object-custom menu-item-5736\"><a href=\"https:\/\/izzato.com\/en\/canal-da-denuncia\/\">Canal da den\u00fancia<\/a><\/li>\n<li id=\"menu-item-5737\" class=\"menu-item menu-item-type-custom menu-item-object-custom menu-item-5737\"><a href=\"https:\/\/izzato.com\/en\/plataforma-qrmenu\/\">Plataforma QrMenu<\/a><\/li>\n<li id=\"menu-item-5738\" class=\"menu-item menu-item-type-custom menu-item-object-custom menu-item-5738\"><a href=\"https:\/\/izzato.com\/en\/plataformas-para-eventos\/\">Plataformas para eventos<\/a><\/li>\n<li id=\"menu-item-6259\" class=\"menu-item menu-item-type-custom menu-item-object-custom menu-item-6259\"><a href=\"https:\/\/izzato.com\/en\/plataforma-de-peritragem\/\">Plataforma de Peritragem<\/a><\/li>\n<li id=\"menu-item-5739\" class=\"menu-item menu-item-type-custom menu-item-object-custom menu-item-5739\"><a href=\"https:\/\/izzato.com\/en\/software-de-gestao\/\">Software de Gest\u00e3o<\/a><\/li>\n<li id=\"menu-item-5741\" class=\"menu-item menu-item-type-custom menu-item-object-custom menu-item-5741\"><a href=\"https:\/\/izzato.com\/en\/servidores-windows\/\">Servidores privados Windows<\/a><\/li>\n<li id=\"menu-item-5742\" class=\"menu-item menu-item-type-custom menu-item-object-custom menu-item-5742\"><a href=\"https:\/\/izzato.com\/en\/servicos-de-alojamento-linux\/\">Servi\u00e7os de Alojamento Linux<\/a><\/li>\n<li id=\"menu-item-5743\" class=\"menu-item menu-item-type-custom menu-item-object-custom menu-item-5743\"><a href=\"https:\/\/izzato.com\/en\/presenca-na-web-e-ecommerce\/\">Presen\u00e7a na web e Ecommerce<\/a><\/li>\n<li id=\"menu-item-5744\" class=\"menu-item menu-item-type-custom menu-item-object-custom menu-item-5744\"><a href=\"https:\/\/izzato.com\/en\/email-profissional\/\">Servi\u00e7o de email<\/a><\/li>\n<li id=\"menu-item-5745\" class=\"menu-item menu-item-type-custom menu-item-object-custom menu-item-5745\"><a href=\"https:\/\/izzato.com\/en\/armazenamento-cloud\/\">Armazenamento Cloud<\/a><\/li>\n<li id=\"menu-item-5746\" class=\"menu-item menu-item-type-custom menu-item-object-custom menu-item-5746\"><a href=\"https:\/\/izzato.com\/en\/desktop-remoto\/\">Desktop Remoto<\/a><\/li>\n<li id=\"menu-item-5748\" class=\"menu-item menu-item-type-custom menu-item-object-custom menu-item-5748\"><a href=\"https:\/\/izzato.com\/en\/consultoria-digital\/\">Consultoria Digital<\/a><\/li>\n<\/ul><\/div><\/div><\/div><div class=\"single-widget\"><div id=\"digalu_service_cta_widget-1\" class=\"services-sidebar\"><div class=\"single-widget quick-contact-widget text-light\" style=\"background-image: url();\"><div class=\"content\"><h3>Precisa de ajuda?<\/h3><p>Se necessita de alguma informa\u00e7\u00e3o acerca de produtos ou servi\u00e7os entre em contacto<\/p><h4><a href=\"mailto:http:\/\/info@izzato.com\">info@izzato.com<\/a><\/h4><a class=\"btn mt-30 circle btn-sm btn-gradient\" href=\"https:\/\/izzato.com\/en\/contactos\/\">Contactar<\/a><\/div><\/div><\/div><\/div><!-- End of Author Widget --><div class=\"single-widget\"><div id=\"block-41\" class=\"services-sidebar widget_block\"><h4>Por favor digite o seu numero de telefone<\/h4>\r\n<a id=\"arcontactus-menu-item-9\" \r\n   style=\"border-left: 2px solid #4EB625;    \"\r\n   class=\"arcu-menu-item\"\r\n            href=\"#\"\r\n        onclick=\"jQuery('#arcontactus').contactUs('openCallbackPopup'); return false;\"\r\n    >\r\n    <span class=\"arcu-menu-item-icon\" style=\"color: #4EB625\">\r\n        <svg xmlns=\"http:\/\/www.w3.org\/2000\/svg\" viewbox=\"0 0 512 512\"><path fill=\"currentColor\" d=\"M493.4 24.6l-104-24c-11.3-2.6-22.9 3.3-27.5 13.9l-48 112c-4.2 9.8-1.4 21.3 6.9 28l60.6 49.6c-36 76.7-98.9 140.5-177.2 177.2l-49.6-60.6c-6.8-8.3-18.2-11.1-28-6.9l-112 48C3.9 366.5-2 378.1.6 389.4l24 104C27.1 504.2 36.7 512 48 512c256.1 0 464-207.5 464-464 0-11.2-7.7-20.9-18.6-23.4z\"><\/path><\/svg>    <\/span>\r\n    <span class=\"arcu-menu-item-title\" style=\"\">\r\n        N\u00f3s ligamos    <\/span>\r\n<\/a><\/div><\/div><div class=\"single-widget\"><div id=\"digalu_service_cta_widget-10\" class=\"services-sidebar\"><div class=\"single-widget quick-contact-widget text-light\" style=\"background-image: url();\"><div class=\"content\"><h3>Apoio ao Cliente<\/h3><p>Se necessita de apoio t\u00e9cnico submeta o seu pedido no bot\u00e3o a seguir<\/p><a class=\"btn mt-30 circle btn-sm btn-gradient\" href=\"https:\/\/suporte.izzato.com\/open.php\">Pedir suporte<\/a><\/div><\/div><\/div><\/div><!-- End of Author Widget -->\t\t\t\t<\/div>\n\t\t\t\t<\/div>\n\t\t\t\t\t<\/div>\n\t\t<\/div>\n\t\t\t\t\t<\/div>\n\t\t<\/section>\n\t\t\t\t\t<\/div>\n\t\t<\/div>\n\t\t\t\t\t<\/div>\n\t\t<\/section>\n\t\t\t\t<\/div>","protected":false},"excerpt":{"rendered":"<p>Servi\u00e7os de consultoria digital A transforma\u00e7\u00e3o digital n\u00e3o acontece no v\u00e1cuo. Por isso na izzato\u00ae combinamos experi\u00eancia em neg\u00f3cios e tecnologia na procura de respostas para os desafios das empresas. Em conjunto com o cliente criamos solu\u00e7\u00f5es personalizadas com base nas suas necessidades, mercados com que trabalha e resultados desejados. Queremos ajudar os nossos clientes&#8230;<\/p>","protected":false},"author":1,"featured_media":0,"parent":0,"menu_order":0,"comment_status":"closed","ping_status":"closed","template":"template-builder.php","meta":{"_monsterinsights_skip_tracking":false,"_monsterinsights_sitenote_active":false,"_monsterinsights_sitenote_note":"","_monsterinsights_sitenote_category":0,"footnotes":""},"class_list":["post-6264","page","type-page","status-publish","hentry"],"aioseo_notices":[],"_links":{"self":[{"href":"https:\/\/izzato.com\/en\/wp-json\/wp\/v2\/pages\/6264","targetHints":{"allow":["GET"]}}],"collection":[{"href":"https:\/\/izzato.com\/en\/wp-json\/wp\/v2\/pages"}],"about":[{"href":"https:\/\/izzato.com\/en\/wp-json\/wp\/v2\/types\/page"}],"author":[{"embeddable":true,"href":"https:\/\/izzato.com\/en\/wp-json\/wp\/v2\/users\/1"}],"replies":[{"embeddable":true,"href":"https:\/\/izzato.com\/en\/wp-json\/wp\/v2\/comments?post=6264"}],"version-history":[{"count":0,"href":"https:\/\/izzato.com\/en\/wp-json\/wp\/v2\/pages\/6264\/revisions"}],"wp:attachment":[{"href":"https:\/\/izzato.com\/en\/wp-json\/wp\/v2\/media?parent=6264"}],"curies":[{"name":"wp","href":"https:\/\/api.w.org\/{rel}","templated":true}]}}