{"id":6239,"date":"2023-10-23T09:27:52","date_gmt":"2023-10-23T09:27:52","guid":{"rendered":"https:\/\/izzato.com\/?page_id=6239"},"modified":"2023-11-09T15:40:28","modified_gmt":"2023-11-09T15:40:28","slug":"presenca-na-web-e-ecommerce","status":"publish","type":"page","link":"https:\/\/izzato.com\/en\/presenca-na-web-e-ecommerce\/","title":{"rendered":"Presen\u00e7a na web e Ecommerce"},"content":{"rendered":"<div data-elementor-type=\"wp-page\" data-elementor-id=\"6239\" class=\"elementor elementor-6239\">\n\t\t\t\t\t\t<section class=\"elementor-section elementor-top-section elementor-element elementor-element-70d2ca5 services-details-area elementor-section-boxed elementor-section-height-default elementor-section-height-default\" data-id=\"70d2ca5\" data-element_type=\"section\">\n\t\t\t\t\t\t<div class=\"elementor-container elementor-column-gap-no\">\n\t\t\t\t\t<div class=\"elementor-column elementor-col-100 elementor-top-column elementor-element elementor-element-8624f14\" data-id=\"8624f14\" data-element_type=\"column\">\n\t\t\t<div class=\"elementor-widget-wrap elementor-element-populated\">\n\t\t\t\t\t\t<section class=\"elementor-section elementor-inner-section elementor-element elementor-element-212822e elementor-section-full_width elementor-section-height-default elementor-section-height-default\" data-id=\"212822e\" data-element_type=\"section\">\n\t\t\t\t\t\t<div class=\"elementor-container elementor-column-gap-no\">\n\t\t\t\t\t<div class=\"elementor-column elementor-col-50 elementor-inner-column elementor-element elementor-element-724bf57\" data-id=\"724bf57\" data-element_type=\"column\">\n\t\t\t<div class=\"elementor-widget-wrap elementor-element-populated\">\n\t\t\t\t\t\t<div class=\"elementor-element elementor-element-a6e3107 thumb elementor-widget elementor-widget-image\" data-id=\"a6e3107\" data-element_type=\"widget\" data-widget_type=\"image.default\">\n\t\t\t\t<div class=\"elementor-widget-container\">\n\t\t\t\t\t\t\t\t\t\t\t\t\t\t\t<img fetchpriority=\"high\" decoding=\"async\" width=\"648\" height=\"385\" src=\"https:\/\/izzato.com\/wp-content\/uploads\/2023\/10\/presenca-online-removebg-preview.png\" class=\"attachment-full size-full wp-image-6481\" alt=\"\" srcset=\"https:\/\/izzato.com\/wp-content\/uploads\/2023\/10\/presenca-online-removebg-preview.png 648w, https:\/\/izzato.com\/wp-content\/uploads\/2023\/10\/presenca-online-removebg-preview-300x178.png 300w\" sizes=\"(max-width: 648px) 100vw, 648px\" \/>\t\t\t\t\t\t\t\t\t\t\t\t\t\t\t<\/div>\n\t\t\t\t<\/div>\n\t\t\t\t<div class=\"elementor-element elementor-element-676b354 elementor-widget elementor-widget-heading\" data-id=\"676b354\" data-element_type=\"widget\" data-widget_type=\"heading.default\">\n\t\t\t\t<div class=\"elementor-widget-container\">\n\t\t\t\t\t<h3 class=\"elementor-heading-title elementor-size-default\">Presen\u00e7a Online<\/h3>\t\t\t\t<\/div>\n\t\t\t\t<\/div>\n\t\t\t\t<div class=\"elementor-element elementor-element-7223333 elementor-widget elementor-widget-text-editor\" data-id=\"7223333\" data-element_type=\"widget\" data-widget_type=\"text-editor.default\">\n\t\t\t\t<div class=\"elementor-widget-container\">\n\t\t\t\t\t\t\t\t\t<p>Esteja onde os seus clientes est\u00e3o e aumente as suas vendas com as nossas solu\u00e7\u00f5es de ecommerce, website, landing page ou Blog<\/p>\t\t\t\t\t\t\t\t<\/div>\n\t\t\t\t<\/div>\n\t\t\t\t<section class=\"elementor-section elementor-inner-section elementor-element elementor-element-1187b1f project-more-info elementor-section-height-min-height elementor-section-full_width elementor-section-height-default\" data-id=\"1187b1f\" data-element_type=\"section\" data-settings=\"{&quot;background_background&quot;:&quot;classic&quot;}\">\n\t\t\t\t\t\t<div class=\"elementor-container elementor-column-gap-default\">\n\t\t\t\t\t<div class=\"elementor-column elementor-col-50 elementor-inner-column elementor-element elementor-element-15c95ed\" data-id=\"15c95ed\" data-element_type=\"column\">\n\t\t\t<div class=\"elementor-widget-wrap elementor-element-populated\">\n\t\t\t\t\t\t<div class=\"elementor-element elementor-element-0fd4598 elementor-widget elementor-widget-image\" data-id=\"0fd4598\" data-element_type=\"widget\" data-widget_type=\"image.default\">\n\t\t\t\t<div class=\"elementor-widget-container\">\n\t\t\t\t\t\t\t\t\t\t\t\t\t\t\t<img decoding=\"async\" width=\"626\" height=\"417\" src=\"https:\/\/izzato.com\/wp-content\/uploads\/2023\/10\/mulher.jpg\" class=\"attachment-large size-large wp-image-6241\" alt=\"\" srcset=\"https:\/\/izzato.com\/wp-content\/uploads\/2023\/10\/mulher.jpg 626w, https:\/\/izzato.com\/wp-content\/uploads\/2023\/10\/mulher-300x200.jpg 300w\" sizes=\"(max-width: 626px) 100vw, 626px\" \/>\t\t\t\t\t\t\t\t\t\t\t\t\t\t\t<\/div>\n\t\t\t\t<\/div>\n\t\t\t\t\t<\/div>\n\t\t<\/div>\n\t\t\t\t<div class=\"elementor-column elementor-col-50 elementor-inner-column elementor-element elementor-element-ea6f932\" data-id=\"ea6f932\" data-element_type=\"column\">\n\t\t\t<div class=\"elementor-widget-wrap elementor-element-populated\">\n\t\t\t\t\t\t<div class=\"elementor-element elementor-element-b3c6fce elementor-widget elementor-widget-heading\" data-id=\"b3c6fce\" data-element_type=\"widget\" data-widget_type=\"heading.default\">\n\t\t\t\t<div class=\"elementor-widget-container\">\n\t\t\t\t\t<h4 class=\"elementor-heading-title elementor-size-default\">Melhor o seu neg\u00f3cio com as nossas solu\u00e7\u00f5es<\/h4>\t\t\t\t<\/div>\n\t\t\t\t<\/div>\n\t\t\t\t<div class=\"elementor-element elementor-element-c3c7421 elementor-widget elementor-widget-heading\" data-id=\"c3c7421\" data-element_type=\"widget\" data-widget_type=\"heading.default\">\n\t\t\t\t<div class=\"elementor-widget-container\">\n\t\t\t\t\t<h5 class=\"elementor-heading-title elementor-size-default\">Maior visibilidade online<\/h5>\t\t\t\t<\/div>\n\t\t\t\t<\/div>\n\t\t\t\t<div class=\"elementor-element elementor-element-e7f5d4e elementor-widget elementor-widget-text-editor\" data-id=\"e7f5d4e\" data-element_type=\"widget\" data-widget_type=\"text-editor.default\">\n\t\t\t\t<div class=\"elementor-widget-container\">\n\t\t\t\t\t\t\t\t\t<p>Inicie com um website personalizado, que pode ser agregado com a sua loja online. Complete a transforma\u00e7\u00e3o com um e-mail profissional.<\/p>\t\t\t\t\t\t\t\t<\/div>\n\t\t\t\t<\/div>\n\t\t\t\t<div class=\"elementor-element elementor-element-e8078b1 elementor-widget elementor-widget-heading\" data-id=\"e8078b1\" data-element_type=\"widget\" data-widget_type=\"heading.default\">\n\t\t\t\t<div class=\"elementor-widget-container\">\n\t\t\t\t\t<h5 class=\"elementor-heading-title elementor-size-default\">Comunica\u00e7\u00e3o mais eficiente<\/h5>\t\t\t\t<\/div>\n\t\t\t\t<\/div>\n\t\t\t\t<div class=\"elementor-element elementor-element-4bc7188 elementor-widget elementor-widget-text-editor\" data-id=\"4bc7188\" data-element_type=\"widget\" data-widget_type=\"text-editor.default\">\n\t\t\t\t<div class=\"elementor-widget-container\">\n\t\t\t\t\t\t\t\t\t<p>Conhe\u00e7a atentamente cada cliente que esteja no seu canal digital e reaja em tempo real para captar a sua aten\u00e7\u00e3o atrav\u00e9s das nossas aplica\u00e7\u00f5es integradas<\/p>\t\t\t\t\t\t\t\t<\/div>\n\t\t\t\t<\/div>\n\t\t\t\t\t<\/div>\n\t\t<\/div>\n\t\t\t\t\t<\/div>\n\t\t<\/section>\n\t\t\t\t<div class=\"elementor-element elementor-element-f91efe7 elementor-widget elementor-widget-heading\" data-id=\"f91efe7\" data-element_type=\"widget\" data-widget_type=\"heading.default\">\n\t\t\t\t<div class=\"elementor-widget-container\">\n\t\t\t\t\t<h3 class=\"elementor-heading-title elementor-size-default\">4 fatores para criar uma s\u00f3lida presen\u00e7a na web <\/h3>\t\t\t\t<\/div>\n\t\t\t\t<\/div>\n\t\t\t\t<div class=\"elementor-element elementor-element-b3b0e20 elementor-widget elementor-widget-text-editor\" data-id=\"b3b0e20\" data-element_type=\"widget\" data-widget_type=\"text-editor.default\">\n\t\t\t\t<div class=\"elementor-widget-container\">\n\t\t\t\t\t\t\t\t\t<div class=\"services-more\"><div class=\"row\"><div class=\"col-md-6\"><div class=\"item\"><h3><strong>Posicionamento<\/strong><\/h3><p>Para construir um bom posicionamento na internet, al\u00e9m de definir qual ser\u00e1 o seu objetivo macro, \u00e9 preciso trabalhar com coer\u00eancia em todos os canais de comunica\u00e7\u00e3o utilizados.<\/p><\/div><\/div><div class=\"col-md-6\"><div class=\"item\"><h3><strong>Conte\u00fado<\/strong><\/h3><p>Conte\u00fado \u00e9 rei! Uma estrat\u00e9gia de conte\u00fado relevante produzida com extrema regularidade, ir\u00e1 proporcionar um crescimento sustent\u00e1vel para a sua presen\u00e7a digital.<\/p><\/div><\/div><\/div><\/div>\t\t\t\t\t\t\t\t<\/div>\n\t\t\t\t<\/div>\n\t\t\t\t<div class=\"elementor-element elementor-element-4e7e6ec elementor-widget elementor-widget-text-editor\" data-id=\"4e7e6ec\" data-element_type=\"widget\" data-widget_type=\"text-editor.default\">\n\t\t\t\t<div class=\"elementor-widget-container\">\n\t\t\t\t\t\t\t\t\t<div class=\"services-more\"><div class=\"row\"><div class=\"col-md-6\"><div class=\"item\"><h3><strong>Plataforma intuitiva<\/strong><\/h3><p>\u00c9 importante ter em conta que o seu website \u00e9 a vitrine virtual da sua empresa. Por isso, todo e qualquer detalhe deve ser levado em considera\u00e7\u00e3o.<\/p><\/div><\/div><div class=\"col-md-6\"><div class=\"item\"><h3><strong>Relacionamento<\/strong><\/h3><p>\u00c9 fundamental para aproximar o p\u00fablico da sua marca.<br \/>O relacionamento \u00e9 o principal ponto para constru\u00e7\u00e3o de uma presen\u00e7a na web.<\/p><\/div><\/div><\/div><\/div>\t\t\t\t\t\t\t\t<\/div>\n\t\t\t\t<\/div>\n\t\t\t\t<section class=\"elementor-section elementor-inner-section elementor-element elementor-element-cfe0b6b project-more-info elementor-section-height-min-height elementor-section-boxed elementor-section-height-default\" data-id=\"cfe0b6b\" data-element_type=\"section\" data-settings=\"{&quot;background_background&quot;:&quot;classic&quot;}\">\n\t\t\t\t\t\t<div class=\"elementor-container elementor-column-gap-default\">\n\t\t\t\t\t<div class=\"elementor-column elementor-col-50 elementor-inner-column elementor-element elementor-element-1552c15\" data-id=\"1552c15\" data-element_type=\"column\">\n\t\t\t<div class=\"elementor-widget-wrap elementor-element-populated\">\n\t\t\t\t\t\t<div class=\"elementor-element elementor-element-f2d08a5 elementor-widget-mobile__width-initial elementor-widget elementor-widget-heading\" data-id=\"f2d08a5\" data-element_type=\"widget\" data-widget_type=\"heading.default\">\n\t\t\t\t<div class=\"elementor-widget-container\">\n\t\t\t\t\t<h2 class=\"elementor-heading-title elementor-size-default\">N\u00e3o encontra o que procura? <\/h2>\t\t\t\t<\/div>\n\t\t\t\t<\/div>\n\t\t\t\t<div class=\"elementor-element elementor-element-d88cc91 elementor-widget-mobile__width-initial elementor-widget elementor-widget-heading\" data-id=\"d88cc91\" data-element_type=\"widget\" data-widget_type=\"heading.default\">\n\t\t\t\t<div class=\"elementor-widget-container\">\n\t\t\t\t\t<h2 class=\"elementor-heading-title elementor-size-default\">Fa\u00e7a uma simula\u00e7\u00e3o do seu projeto <\/h2>\t\t\t\t<\/div>\n\t\t\t\t<\/div>\n\t\t\t\t\t<\/div>\n\t\t<\/div>\n\t\t\t\t<div class=\"elementor-column elementor-col-50 elementor-inner-column elementor-element elementor-element-fac9103\" data-id=\"fac9103\" data-element_type=\"column\">\n\t\t\t<div class=\"elementor-widget-wrap elementor-element-populated\">\n\t\t\t\t\t\t<div class=\"elementor-element elementor-element-30ea927 elementor-widget-mobile__width-auto elementor-widget__width-auto elementor-widget elementor-widget-digalubutton\" data-id=\"30ea927\" data-element_type=\"widget\" data-widget_type=\"digalubutton.default\">\n\t\t\t\t<div class=\"elementor-widget-container\">\n\t\t\t\t\t<!-- Button --><div class=\"btn-wrapper\"><a class=\"vs-btn btn btn-md btn-gradient animation\" href=\"https:\/\/www.dev.izzato.com\/eforms\/simulador-de-websites-e-marketing-digital\/54\/\" target=\"_blank\">Vamos l\u00e1 simular<i class=\"fas fa-arrow-right\"><\/i><\/a><\/div><!-- End Button -->\t\t\t\t<\/div>\n\t\t\t\t<\/div>\n\t\t\t\t\t<\/div>\n\t\t<\/div>\n\t\t\t\t\t<\/div>\n\t\t<\/section>\n\t\t\t\t<div class=\"elementor-element elementor-element-173efac elementor-widget elementor-widget-shortcode\" data-id=\"173efac\" data-element_type=\"widget\" data-widget_type=\"shortcode.default\">\n\t\t\t\t<div class=\"elementor-widget-container\">\n\t\t\t\t\t\t\t<div class=\"elementor-shortcode\">\n<div class=\"wpcf7 no-js\" id=\"wpcf7-f6329-o1\" lang=\"en-US\" dir=\"ltr\" data-wpcf7-id=\"6329\">\n<div class=\"screen-reader-response\"><p role=\"status\" aria-live=\"polite\" aria-atomic=\"true\"><\/p> <ul><\/ul><\/div>\n<form action=\"\/en\/wp-json\/wp\/v2\/pages\/6239#wpcf7-f6329-o1\" method=\"post\" class=\"wpcf7-form init\" aria-label=\"Contact form\" novalidate=\"novalidate\" data-status=\"init\" data-trp-original-action=\"\/en\/wp-json\/wp\/v2\/pages\/6239#wpcf7-f6329-o1\">\n<fieldset class=\"hidden-fields-container\"><input type=\"hidden\" name=\"_wpcf7\" value=\"6329\" \/><input type=\"hidden\" name=\"_wpcf7_version\" value=\"6.1.4\" \/><input type=\"hidden\" name=\"_wpcf7_locale\" value=\"en_US\" \/><input type=\"hidden\" name=\"_wpcf7_unit_tag\" value=\"wpcf7-f6329-o1\" \/><input type=\"hidden\" name=\"_wpcf7_container_post\" value=\"0\" \/><input type=\"hidden\" name=\"_wpcf7_posted_data_hash\" value=\"\" \/><input type=\"hidden\" name=\"_wpcf7_recaptcha_response\" value=\"\" \/>\n<\/fieldset>\n<div class=\"contact-form-style-one\">\n\t<div class=\"illustration wow fadeInRight\" data-wow-delay=\"300ms\">\n\t\t<p><img decoding=\"async\" src=\"https:\/\/wordpress.validthemes.net\/digalu\/wp-content\/uploads\/2023\/06\/20.png\" alt=\"Image Not Found\" \/>\n\t\t<\/p>\n\t<\/div>\n\t<h2 class=\"heading\">Quero ser contactado\n\t<\/h2>\n\t<div class=\"contact-form contact-form\">\n\t\t<div class=\"row\">\n\t\t\t<div class=\"col-lg-12\">\n\t\t\t\t<div class=\"form-group\">\n\t\t\t\t\t<p><span class=\"wpcf7-form-control-wrap\" data-name=\"text-10\"><input size=\"40\" maxlength=\"400\" class=\"wpcf7-form-control wpcf7-text wpcf7-validates-as-required form-control\" id=\"text-10\" aria-required=\"true\" aria-invalid=\"false\" placeholder=\"Nome*\" value=\"\" type=\"text\" name=\"text-10\" \/><\/span><span class=\"alert-error\"><\/span>\n\t\t\t\t\t<\/p>\n\t\t\t\t<\/div>\n\t\t\t<\/div>\n\t\t<\/div>\n\t\t<div class=\"row\">\n\t\t\t<div class=\"col-lg-6\">\n\t\t\t\t<div class=\"form-group\">\n\t\t\t\t\t<p><span class=\"wpcf7-form-control-wrap\" data-name=\"email-620\"><input size=\"40\" maxlength=\"400\" class=\"wpcf7-form-control wpcf7-email wpcf7-validates-as-required wpcf7-text wpcf7-validates-as-email form-control\" id=\"email-620\" aria-required=\"true\" aria-invalid=\"false\" placeholder=\"E-mail*\" value=\"\" type=\"email\" name=\"email-620\" \/><\/span><span class=\"alert-error\"><\/span>\n\t\t\t\t\t<\/p>\n\t\t\t\t<\/div>\n\t\t\t<\/div>\n\t\t\t<div class=\"col-lg-6\">\n\t\t\t\t<div class=\"form-group\">\n\t\t\t\t\t<p><span class=\"wpcf7-form-control-wrap\" data-name=\"tel-393\"><input size=\"40\" maxlength=\"400\" class=\"wpcf7-form-control wpcf7-tel wpcf7-validates-as-required wpcf7-text wpcf7-validates-as-tel form-control\" id=\"tel-393\" aria-required=\"true\" aria-invalid=\"false\" placeholder=\"Telem\u00f3vel*\" value=\"\" type=\"tel\" name=\"tel-393\" \/><\/span><span class=\"alert-error\"><\/span>\n\t\t\t\t\t<\/p>\n\t\t\t\t<\/div>\n\t\t\t<\/div>\n\t\t<\/div>\n\t\t<div class=\"row\">\n\t\t\t<div class=\"col-lg-12\">\n\t\t\t\t<div class=\"form-group comments\">\n\t\t\t\t\t<p><span class=\"wpcf7-form-control-wrap\" data-name=\"textarea-380\"><textarea cols=\"40\" rows=\"10\" maxlength=\"2000\" class=\"wpcf7-form-control wpcf7-textarea wpcf7-validates-as-required form-control\" id=\"textarea-380\" aria-required=\"true\" aria-invalid=\"false\" placeholder=\"Mensagem*\" name=\"textarea-380\"><\/textarea><\/span>\n\t\t\t\t\t<\/p>\n\t\t\t\t<\/div>\n\t\t\t<\/div>\n\t\t<\/div>\n\t\t<div class=\"row\">\n\t\t\t<div class=\"col-lg-12\">\n\t\t\t\t<p><button type=\"submit\" name=\"submit\" id=\"submit\"><i class=\"fa fa-paper-plane\"><\/i> Enviar<\/button>\n\t\t\t\t<\/p>\n\t\t\t<\/div>\n\t\t<\/div>\n\t<\/div>\n<\/div><div class=\"wpcf7-response-output\" aria-hidden=\"true\"><\/div>\n<input type=\"hidden\" name=\"trp-form-language\" value=\"en\"\/><\/form>\n<\/div>\n<\/div>\n\t\t\t\t\t\t<\/div>\n\t\t\t\t<\/div>\n\t\t\t\t\t<\/div>\n\t\t<\/div>\n\t\t\t\t<div class=\"elementor-column elementor-col-50 elementor-inner-column elementor-element elementor-element-27670fc services-sidebar\" data-id=\"27670fc\" data-element_type=\"column\">\n\t\t\t<div class=\"elementor-widget-wrap elementor-element-populated\">\n\t\t\t\t\t\t<div class=\"elementor-element elementor-element-80ede1d elementor-widget elementor-widget-sidebar\" data-id=\"80ede1d\" data-element_type=\"widget\" data-widget_type=\"sidebar.default\">\n\t\t\t\t<div class=\"elementor-widget-container\">\n\t\t\t\t\t<div class=\"single-widget\"><div id=\"nav_menu-2\" class=\"services-sidebar widget_nav_menu\"><h4 class=\"widget-title\">Produtos e Servi\u00e7os<\/h4><div class=\"menu-marketing-produtos-e-servicos-container\"><ul id=\"menu-marketing-produtos-e-servicos\" class=\"menu\"><li id=\"menu-item-6795\" class=\"menu-item menu-item-type-post_type menu-item-object-page menu-item-6795\"><a href=\"https:\/\/izzato.com\/en\/servico-sms-markting\/\">SMS Markting<\/a><\/li>\n<li id=\"menu-item-6796\" class=\"menu-item menu-item-type-post_type menu-item-object-page menu-item-6796\"><a href=\"https:\/\/izzato.com\/en\/servico-email-markting\/\">Email Markting<\/a><\/li>\n<li id=\"menu-item-5735\" class=\"menu-item menu-item-type-custom menu-item-object-custom menu-item-5735\"><a href=\"https:\/\/izzato.com\/en\/crm-gestao-e-acompanhamento-dos-clientes\/\">CRM &#8211; Gest\u00e3o de clientes<\/a><\/li>\n<li id=\"menu-item-6286\" class=\"menu-item menu-item-type-custom menu-item-object-custom menu-item-6286\"><a href=\"https:\/\/izzato.com\/en\/software-de-gestao-ooh\/\">Software de gest\u00e3o OOH<\/a><\/li>\n<li id=\"menu-item-5736\" class=\"menu-item menu-item-type-custom menu-item-object-custom menu-item-5736\"><a href=\"https:\/\/izzato.com\/en\/canal-da-denuncia\/\">Canal da den\u00fancia<\/a><\/li>\n<li id=\"menu-item-5737\" class=\"menu-item menu-item-type-custom menu-item-object-custom menu-item-5737\"><a href=\"https:\/\/izzato.com\/en\/plataforma-qrmenu\/\">Plataforma QrMenu<\/a><\/li>\n<li id=\"menu-item-5738\" class=\"menu-item menu-item-type-custom menu-item-object-custom menu-item-5738\"><a href=\"https:\/\/izzato.com\/en\/plataformas-para-eventos\/\">Plataformas para eventos<\/a><\/li>\n<li id=\"menu-item-6259\" class=\"menu-item menu-item-type-custom menu-item-object-custom menu-item-6259\"><a href=\"https:\/\/izzato.com\/en\/plataforma-de-peritragem\/\">Plataforma de Peritragem<\/a><\/li>\n<li id=\"menu-item-5739\" class=\"menu-item menu-item-type-custom menu-item-object-custom menu-item-5739\"><a href=\"https:\/\/izzato.com\/en\/software-de-gestao\/\">Software de Gest\u00e3o<\/a><\/li>\n<li id=\"menu-item-5741\" class=\"menu-item menu-item-type-custom menu-item-object-custom menu-item-5741\"><a href=\"https:\/\/izzato.com\/en\/servidores-windows\/\">Servidores privados Windows<\/a><\/li>\n<li id=\"menu-item-5742\" class=\"menu-item menu-item-type-custom menu-item-object-custom menu-item-5742\"><a href=\"https:\/\/izzato.com\/en\/servicos-de-alojamento-linux\/\">Servi\u00e7os de Alojamento Linux<\/a><\/li>\n<li id=\"menu-item-5743\" class=\"menu-item menu-item-type-custom menu-item-object-custom menu-item-5743\"><a href=\"https:\/\/izzato.com\/en\/presenca-na-web-e-ecommerce\/\">Presen\u00e7a na web e Ecommerce<\/a><\/li>\n<li id=\"menu-item-5744\" class=\"menu-item menu-item-type-custom menu-item-object-custom menu-item-5744\"><a href=\"https:\/\/izzato.com\/en\/email-profissional\/\">Servi\u00e7o de email<\/a><\/li>\n<li id=\"menu-item-5745\" class=\"menu-item menu-item-type-custom menu-item-object-custom menu-item-5745\"><a href=\"https:\/\/izzato.com\/en\/armazenamento-cloud\/\">Armazenamento Cloud<\/a><\/li>\n<li id=\"menu-item-5746\" class=\"menu-item menu-item-type-custom menu-item-object-custom menu-item-5746\"><a href=\"https:\/\/izzato.com\/en\/desktop-remoto\/\">Desktop Remoto<\/a><\/li>\n<li id=\"menu-item-5748\" class=\"menu-item menu-item-type-custom menu-item-object-custom menu-item-5748\"><a href=\"https:\/\/izzato.com\/en\/consultoria-digital\/\">Consultoria Digital<\/a><\/li>\n<\/ul><\/div><\/div><\/div><div class=\"single-widget\"><div id=\"digalu_service_cta_widget-1\" class=\"services-sidebar\"><div class=\"single-widget quick-contact-widget text-light\" style=\"background-image: url();\"><div class=\"content\"><h3>Precisa de ajuda?<\/h3><p>Se necessita de alguma informa\u00e7\u00e3o acerca de produtos ou servi\u00e7os entre em contacto<\/p><h4><a href=\"mailto:http:\/\/info@izzato.com\">info@izzato.com<\/a><\/h4><a class=\"btn mt-30 circle btn-sm btn-gradient\" href=\"https:\/\/izzato.com\/en\/contactos\/\">Contactar<\/a><\/div><\/div><\/div><\/div><!-- End of Author Widget --><div class=\"single-widget\"><div id=\"block-41\" class=\"services-sidebar widget_block\"><h4>Por favor digite o seu numero de telefone<\/h4>\r\n<a id=\"arcontactus-menu-item-9\" \r\n   style=\"border-left: 2px solid #4EB625;    \"\r\n   class=\"arcu-menu-item\"\r\n            href=\"#\"\r\n        onclick=\"jQuery('#arcontactus').contactUs('openCallbackPopup'); return false;\"\r\n    >\r\n    <span class=\"arcu-menu-item-icon\" style=\"color: #4EB625\">\r\n        <svg xmlns=\"http:\/\/www.w3.org\/2000\/svg\" viewbox=\"0 0 512 512\"><path fill=\"currentColor\" d=\"M493.4 24.6l-104-24c-11.3-2.6-22.9 3.3-27.5 13.9l-48 112c-4.2 9.8-1.4 21.3 6.9 28l60.6 49.6c-36 76.7-98.9 140.5-177.2 177.2l-49.6-60.6c-6.8-8.3-18.2-11.1-28-6.9l-112 48C3.9 366.5-2 378.1.6 389.4l24 104C27.1 504.2 36.7 512 48 512c256.1 0 464-207.5 464-464 0-11.2-7.7-20.9-18.6-23.4z\"><\/path><\/svg>    <\/span>\r\n    <span class=\"arcu-menu-item-title\" style=\"\">\r\n        N\u00f3s ligamos    <\/span>\r\n<\/a><\/div><\/div><div class=\"single-widget\"><div id=\"digalu_service_cta_widget-10\" class=\"services-sidebar\"><div class=\"single-widget quick-contact-widget text-light\" style=\"background-image: url();\"><div class=\"content\"><h3>Apoio ao Cliente<\/h3><p>Se necessita de apoio t\u00e9cnico submeta o seu pedido no bot\u00e3o a seguir<\/p><a class=\"btn mt-30 circle btn-sm btn-gradient\" href=\"https:\/\/suporte.izzato.com\/open.php\">Pedir suporte<\/a><\/div><\/div><\/div><\/div><!-- End of Author Widget -->\t\t\t\t<\/div>\n\t\t\t\t<\/div>\n\t\t\t\t\t<\/div>\n\t\t<\/div>\n\t\t\t\t\t<\/div>\n\t\t<\/section>\n\t\t\t\t\t<\/div>\n\t\t<\/div>\n\t\t\t\t\t<\/div>\n\t\t<\/section>\n\t\t\t\t<\/div>","protected":false},"excerpt":{"rendered":"<p>Presen\u00e7a Online Esteja onde os seus clientes est\u00e3o e aumente as suas vendas com as nossas solu\u00e7\u00f5es de ecommerce, website, landing page ou Blog Melhor o seu neg\u00f3cio com as nossas solu\u00e7\u00f5es Maior visibilidade online Inicie com um website personalizado, que pode ser agregado com a sua loja online. Complete a transforma\u00e7\u00e3o com um e-mail&#8230;<\/p>","protected":false},"author":1,"featured_media":0,"parent":0,"menu_order":0,"comment_status":"closed","ping_status":"closed","template":"template-builder.php","meta":{"_monsterinsights_skip_tracking":false,"_monsterinsights_sitenote_active":false,"_monsterinsights_sitenote_note":"","_monsterinsights_sitenote_category":0,"footnotes":""},"class_list":["post-6239","page","type-page","status-publish","hentry"],"aioseo_notices":[],"_links":{"self":[{"href":"https:\/\/izzato.com\/en\/wp-json\/wp\/v2\/pages\/6239","targetHints":{"allow":["GET"]}}],"collection":[{"href":"https:\/\/izzato.com\/en\/wp-json\/wp\/v2\/pages"}],"about":[{"href":"https:\/\/izzato.com\/en\/wp-json\/wp\/v2\/types\/page"}],"author":[{"embeddable":true,"href":"https:\/\/izzato.com\/en\/wp-json\/wp\/v2\/users\/1"}],"replies":[{"embeddable":true,"href":"https:\/\/izzato.com\/en\/wp-json\/wp\/v2\/comments?post=6239"}],"version-history":[{"count":0,"href":"https:\/\/izzato.com\/en\/wp-json\/wp\/v2\/pages\/6239\/revisions"}],"wp:attachment":[{"href":"https:\/\/izzato.com\/en\/wp-json\/wp\/v2\/media?parent=6239"}],"curies":[{"name":"wp","href":"https:\/\/api.w.org\/{rel}","templated":true}]}}