{"id":6050,"date":"2023-10-20T11:54:53","date_gmt":"2023-10-20T11:54:53","guid":{"rendered":"https:\/\/izzato.com\/?page_id=6050"},"modified":"2023-11-09T16:17:25","modified_gmt":"2023-11-09T16:17:25","slug":"projetos-portfolio","status":"publish","type":"page","link":"https:\/\/izzato.com\/en\/projetos-portfolio\/","title":{"rendered":"Projetos\/Portf\u00f3lio"},"content":{"rendered":"<div data-elementor-type=\"wp-page\" data-elementor-id=\"6050\" class=\"elementor elementor-6050\">\n\t\t\t\t<div class=\"elementor-element elementor-element-d7da2d0 e-flex e-con-boxed e-con e-parent\" data-id=\"d7da2d0\" data-element_type=\"container\">\n\t\t\t\t\t<div class=\"e-con-inner\">\n\t\t\t\t<div class=\"elementor-element elementor-element-ec9daf4 elementor-widget elementor-widget-digaluprojects\" data-id=\"ec9daf4\" data-element_type=\"widget\" data-widget_type=\"digaluprojects.default\">\n\t\t\t\t<div class=\"elementor-widget-container\">\n\t\t\t\t\t<div class=\"row\"><!-- Single Item --><div class=\"col-xl-4 col-md-6\"><div class=\"project-style-one\"><div class=\"thumb\"><img decoding=\"async\" src=\"https:\/\/izzato.com\/wp-content\/uploads\/2023\/11\/izzato_grupo-motorpor_720.jpg\" alt=\"Izzato\"  \/><\/div><div class=\"content\"><a class=\"button\" href=\"https:\/\/izzato.com\/en\/integracao-de-sistemas-2\/\"><i class=\"fas fa-angle-right\"><\/i><\/a><h4><a href=\"https:\/\/izzato.com\/en\/integracao-de-sistemas-2\/\">Integra\u00e7\u00e3o de Sistemas<\/a><\/h4><ul><li>Motorpor<\/li> <\/ul><\/div><\/div><\/div><!-- Single Item --><div class=\"col-xl-4 col-md-6\"><div class=\"project-style-one\"><div class=\"thumb\"><img decoding=\"async\" src=\"https:\/\/izzato.com\/wp-content\/uploads\/2023\/10\/logo_bienal_preto2.png\" alt=\"Izzato\"  \/><\/div><div class=\"content\"><a class=\"button\" href=\"https:\/\/izzato.com\/en\/plataforma-de-eventos\/\"><i class=\"fas fa-angle-right\"><\/i><\/a><h4><a href=\"https:\/\/izzato.com\/en\/plataforma-de-eventos\/\">Plataforma de eventos<\/a><\/h4><ul><li>Bienal artes e Of\u00edcios<\/li> <\/ul><\/div><\/div><\/div><!-- Single Item --><div class=\"col-xl-4 col-md-6\"><div class=\"project-style-one\"><div class=\"thumb\"><img decoding=\"async\" src=\"https:\/\/izzato.com\/wp-content\/uploads\/2023\/10\/peritos-800x500-1.jpg\" alt=\"Izzato\"  \/><\/div><div class=\"content\"><a class=\"button\" href=\"https:\/\/izzato.com\/en\/software-peritagem\/\"><i class=\"fas fa-angle-right\"><\/i><\/a><h4><a href=\"https:\/\/izzato.com\/en\/software-peritagem\/\">Software Peritagem<\/a><\/h4><ul><li>Peritekangola<\/li> <\/ul><\/div><\/div><\/div><!-- Single Item --><div class=\"col-xl-4 col-md-6\"><div class=\"project-style-one\"><div class=\"thumb\"><img decoding=\"async\" src=\"https:\/\/izzato.com\/wp-content\/uploads\/2023\/10\/Sem-titulo.jpg\" alt=\"Izzato\"  \/><\/div><div class=\"content\"><a class=\"button\" href=\"https:\/\/izzato.com\/en\/aplicacao-para-secretariado-de-eventos\/\"><i class=\"fas fa-angle-right\"><\/i><\/a><h4><a href=\"https:\/\/izzato.com\/en\/aplicacao-para-secretariado-de-eventos\/\">Aplica\u00e7\u00e3o para eventos<\/a><\/h4><ul><li>S2 Congress<\/li> <li> ViseuEduca<\/li> <\/ul><\/div><\/div><\/div><!-- Single Item --><div class=\"col-xl-4 col-md-6\"><div class=\"project-style-one\"><div class=\"thumb\"><img decoding=\"async\" src=\"https:\/\/izzato.com\/wp-content\/uploads\/2023\/10\/Izzato-marketing-digital-scaled-1.jpg\" alt=\"Izzato\"  \/><\/div><div class=\"content\"><a class=\"button\" href=\"https:\/\/izzato.com\/en\/plataforma-de-booking-online\/\"><i class=\"fas fa-angle-right\"><\/i><\/a><h4><a href=\"https:\/\/izzato.com\/en\/plataforma-de-booking-online\/\">Plataforma de booking online <\/a><\/h4><ul><li>Sealavie<\/li> <li> viriatus<\/li> <\/ul><\/div><\/div><\/div><!-- Single Item --><div class=\"col-xl-4 col-md-6\"><div class=\"project-style-one\"><div class=\"thumb\"><img decoding=\"async\" src=\"https:\/\/izzato.com\/wp-content\/uploads\/2023\/10\/ecommerce.png\" alt=\"Izzato\"  \/><\/div><div class=\"content\"><a class=\"button\" href=\"https:\/\/izzato.com\/en\/plataforma-b2b\/\"><i class=\"fas fa-angle-right\"><\/i><\/a><h4><a href=\"https:\/\/izzato.com\/en\/plataforma-b2b\/\">Plataforma B2B<\/a><\/h4><ul><li>Besturb<\/li> <li> GMPools<\/li> <li> Luzmont <\/li> <\/ul><\/div><\/div><\/div><!-- Single Item --><div class=\"col-xl-4 col-md-6\"><div class=\"project-style-one\"><div class=\"thumb\"><img decoding=\"async\" src=\"https:\/\/izzato.com\/wp-content\/uploads\/2023\/10\/como-criar-loja-online.png\" alt=\"Izzato\"  \/><\/div><div class=\"content\"><a class=\"button\" href=\"https:\/\/izzato.com\/en\/paltaforma-e-commerce\/\"><i class=\"fas fa-angle-right\"><\/i><\/a><h4><a href=\"https:\/\/izzato.com\/en\/paltaforma-e-commerce\/\">Paltaforma E-commerce<\/a><\/h4><ul><li>DigitalPrint<\/li> <li> Movere<\/li> <li> Pacifico clima<\/li> <li> Algod\u00e3o e Companhia<\/li> <\/ul><\/div><\/div><\/div><!-- Single Item --><div class=\"col-xl-4 col-md-6\"><div class=\"project-style-one\"><div class=\"thumb\"><img decoding=\"async\" src=\"https:\/\/wordpress.validthemes.net\/digalu\/wp-content\/uploads\/2023\/05\/8.jpg\" alt=\"Izzato\"  \/><\/div><div class=\"content\"><a class=\"button\" href=\"https:\/\/izzato.com\/en\/presenca-na-web\/\"><i class=\"fas fa-angle-right\"><\/i><\/a><h4><a href=\"https:\/\/izzato.com\/en\/presenca-na-web\/\">Presen\u00e7a na Web<\/a><\/h4><ul><li>Ethos<\/li> <li> A+Casa<\/li> <li> InternationalCar<\/li> <li> martacortez<\/li> <li> imageminteligente.com<\/li> <li> Sanieste<\/li> <li> MC-interiores<\/li> <li> Airquality<\/li> <\/ul><\/div><\/div><\/div><\/div>\t\t\t\t<\/div>\n\t\t\t\t<\/div>\n\t\t\t\t\t<\/div>\n\t\t\t\t<\/div>\n\t\t\t\t<\/div>","protected":false},"excerpt":{"rendered":"<p>Integra\u00e7\u00e3o de Sistemas Motorpor Plataforma de eventos Bienal artes e Of\u00edcios Software Peritagem Peritekangola Aplica\u00e7\u00e3o para eventos S2 Congress ViseuEduca Plataforma de booking online Sealavie viriatus Plataforma B2B Besturb GMPools Luzmont Paltaforma E-commerce DigitalPrint Movere Pacifico clima Algod\u00e3o e Companhia Presen\u00e7a na Web Ethos A+Casa InternationalCar martacortez imageminteligente.com Sanieste MC-interiores Airquality<\/p>","protected":false},"author":1,"featured_media":0,"parent":0,"menu_order":0,"comment_status":"closed","ping_status":"closed","template":"","meta":{"_monsterinsights_skip_tracking":false,"_monsterinsights_sitenote_active":false,"_monsterinsights_sitenote_note":"","_monsterinsights_sitenote_category":0,"footnotes":""},"class_list":["post-6050","page","type-page","status-publish","hentry"],"aioseo_notices":[],"_links":{"self":[{"href":"https:\/\/izzato.com\/en\/wp-json\/wp\/v2\/pages\/6050","targetHints":{"allow":["GET"]}}],"collection":[{"href":"https:\/\/izzato.com\/en\/wp-json\/wp\/v2\/pages"}],"about":[{"href":"https:\/\/izzato.com\/en\/wp-json\/wp\/v2\/types\/page"}],"author":[{"embeddable":true,"href":"https:\/\/izzato.com\/en\/wp-json\/wp\/v2\/users\/1"}],"replies":[{"embeddable":true,"href":"https:\/\/izzato.com\/en\/wp-json\/wp\/v2\/comments?post=6050"}],"version-history":[{"count":0,"href":"https:\/\/izzato.com\/en\/wp-json\/wp\/v2\/pages\/6050\/revisions"}],"wp:attachment":[{"href":"https:\/\/izzato.com\/en\/wp-json\/wp\/v2\/media?parent=6050"}],"curies":[{"name":"wp","href":"https:\/\/api.w.org\/{rel}","templated":true}]}}