{"id":6014,"date":"2023-10-20T11:27:39","date_gmt":"2023-10-20T11:27:39","guid":{"rendered":"https:\/\/izzato.com\/?page_id=6014"},"modified":"2023-11-06T14:54:49","modified_gmt":"2023-11-06T14:54:49","slug":"aplicacao-para-secretariado-de-eventos","status":"publish","type":"page","link":"https:\/\/izzato.com\/en\/aplicacao-para-secretariado-de-eventos\/","title":{"rendered":"Aplica\u00e7\u00e3o para secretariado de eventos"},"content":{"rendered":"<div data-elementor-type=\"wp-page\" data-elementor-id=\"6014\" class=\"elementor elementor-6014\">\n\t\t\t\t\t\t<section class=\"elementor-section elementor-top-section elementor-element elementor-element-ddae6df project-details-area elementor-section-boxed elementor-section-height-default elementor-section-height-default\" data-id=\"ddae6df\" data-element_type=\"section\">\n\t\t\t\t\t\t<div class=\"elementor-container elementor-column-gap-no\">\n\t\t\t\t\t<div class=\"elementor-column elementor-col-100 elementor-top-column elementor-element elementor-element-100d569\" data-id=\"100d569\" data-element_type=\"column\">\n\t\t\t<div class=\"elementor-widget-wrap elementor-element-populated\">\n\t\t\t\t\t\t<section class=\"elementor-section elementor-inner-section elementor-element elementor-element-11df731 elementor-section-full_width elementor-section-height-default elementor-section-height-default\" data-id=\"11df731\" data-element_type=\"section\">\n\t\t\t\t\t\t<div class=\"elementor-container elementor-column-gap-no\">\n\t\t\t\t\t<div class=\"elementor-column elementor-col-100 elementor-inner-column elementor-element elementor-element-49bbf6a\" data-id=\"49bbf6a\" data-element_type=\"column\">\n\t\t\t<div class=\"elementor-widget-wrap elementor-element-populated\">\n\t\t\t\t\t\t<div class=\"elementor-element elementor-element-91dbe9a elementor-widget elementor-widget-image\" data-id=\"91dbe9a\" data-element_type=\"widget\" data-widget_type=\"image.default\">\n\t\t\t\t<div class=\"elementor-widget-container\">\n\t\t\t\t\t\t\t\t\t\t\t\t\t\t\t<img fetchpriority=\"high\" decoding=\"async\" width=\"1906\" height=\"935\" src=\"https:\/\/izzato.com\/wp-content\/uploads\/2023\/10\/Sem-titulo.jpg\" class=\"attachment-full size-full wp-image-6016\" alt=\"\" srcset=\"https:\/\/izzato.com\/wp-content\/uploads\/2023\/10\/Sem-titulo.jpg 1906w, https:\/\/izzato.com\/wp-content\/uploads\/2023\/10\/Sem-titulo-300x147.jpg 300w, https:\/\/izzato.com\/wp-content\/uploads\/2023\/10\/Sem-titulo-1024x502.jpg 1024w, https:\/\/izzato.com\/wp-content\/uploads\/2023\/10\/Sem-titulo-768x377.jpg 768w, https:\/\/izzato.com\/wp-content\/uploads\/2023\/10\/Sem-titulo-1536x753.jpg 1536w\" sizes=\"(max-width: 1906px) 100vw, 1906px\" \/>\t\t\t\t\t\t\t\t\t\t\t\t\t\t\t<\/div>\n\t\t\t\t<\/div>\n\t\t\t\t<div class=\"elementor-element elementor-element-6d1cd57 elementor-widget elementor-widget-digaluprojectinfo\" data-id=\"6d1cd57\" data-element_type=\"widget\" data-widget_type=\"digaluprojectinfo.default\">\n\t\t\t\t<div class=\"elementor-widget-container\">\n\t\t\t\t\t<!-----------------------Start Project Inforamtion Area-----------------------><div class=\"project-info mt-md-50 mt-xs-40\"><h3 class=\"title\">Aplica\u00e7\u00e3o para secretariado de eventos<\/h3><div class=\"content\"><ul class=\"project-basic-info\"><li>Clientes <span>PRE<\/span><\/li><li>Tipo de projeto <span>Plataforma de Eventos<\/span><\/li><\/ul><ul class=\"social\"><h4>Follow us:<\/h4><li><a  target=\"_blank\" rel=\"nofollow\" href=\"http:\/\/facebook.com\/izzatoweb%20\"><i aria-hidden=\"true\" class=\"fab fa-facebook-f\"><\/i><\/a><\/li><li><a  target=\"_blank\" rel=\"nofollow\" href=\"https:\/\/www.instagram.com\/izzatoweb\/\"><i aria-hidden=\"true\" class=\"fab fa-instagram\"><\/i><\/a><\/li><li><a  target=\"_blank\" rel=\"nofollow\" href=\"http:\/\/twitter.com\/izzatoweb\"><i aria-hidden=\"true\" class=\"fab fa-twitter\"><\/i><\/a><\/li><li><a  target=\"_blank\" rel=\"nofollow\" href=\"http:\/\/linkedin.com\/company\/izzato\"><i aria-hidden=\"true\" class=\"fab fa-linkedin-in\"><\/i><\/a><\/li><\/ul><\/div><\/div><!-----------------------Start Project Inforamtion Area----------------------->\t\t\t\t<\/div>\n\t\t\t\t<\/div>\n\t\t\t\t\t<\/div>\n\t\t<\/div>\n\t\t\t\t\t<\/div>\n\t\t<\/section>\n\t\t\t\t<section class=\"elementor-section elementor-inner-section elementor-element elementor-element-1aab408 elementor-section-full_width elementor-section-height-default elementor-section-height-default\" data-id=\"1aab408\" data-element_type=\"section\">\n\t\t\t\t\t\t<div class=\"elementor-container elementor-column-gap-no\">\n\t\t\t\t\t<div class=\"elementor-column elementor-col-100 elementor-inner-column elementor-element elementor-element-8993fe5\" data-id=\"8993fe5\" data-element_type=\"column\">\n\t\t\t<div class=\"elementor-widget-wrap elementor-element-populated\">\n\t\t\t\t\t\t<div class=\"elementor-element elementor-element-209e82a elementor-widget elementor-widget-text-editor\" data-id=\"209e82a\" data-element_type=\"widget\" data-widget_type=\"text-editor.default\">\n\t\t\t\t<div class=\"elementor-widget-container\">\n\t\t\t\t\t\t\t\t\t<div class=\"top-info\"><div class=\"row\"><div class=\"col-xl-12 left-info\"><h1>Objetivos<\/h1><p>Elaborar uma plataforma para secretariado de eventos que permita um conjunto de funcionalidades tais como: registo no evento com formul\u00e1rio personalizado ao cliente, envio de password para o evento com QrCode, aplica\u00e7\u00e3o para chek-in eletr\u00f3nico atrav\u00e9s de dispositivos m\u00f3veis, dashboard com monitoriza\u00e7\u00e3o dos participantes em tempo real, envio de certificado, entre outros. Pode visitar este projeto <a href=\"https:\/\/apcvd.360digital.pt\">aqui<\/a>:word<\/p><\/div><\/div><\/div>\t\t\t\t\t\t\t\t<\/div>\n\t\t\t\t<\/div>\n\t\t\t\t\t<\/div>\n\t\t<\/div>\n\t\t\t\t\t<\/div>\n\t\t<\/section>\n\t\t\t\t\t<\/div>\n\t\t<\/div>\n\t\t\t\t\t<\/div>\n\t\t<\/section>\n\t\t\t\t<\/div>","protected":false},"excerpt":{"rendered":"<p>Aplica\u00e7\u00e3o para secretariado de eventos Clientes PRE Tipo de projeto Plataforma de Eventos Follow us: Objetivos Elaborar uma plataforma para secretariado de eventos que permita um conjunto de funcionalidades tais como: registo no evento com formul\u00e1rio personalizado ao cliente, envio de password para o evento com QrCode, aplica\u00e7\u00e3o para chek-in eletr\u00f3nico atrav\u00e9s de dispositivos m\u00f3veis,&#8230;<\/p>","protected":false},"author":1,"featured_media":0,"parent":0,"menu_order":0,"comment_status":"closed","ping_status":"closed","template":"template-builder.php","meta":{"_monsterinsights_skip_tracking":false,"_monsterinsights_sitenote_active":false,"_monsterinsights_sitenote_note":"","_monsterinsights_sitenote_category":0,"footnotes":""},"class_list":["post-6014","page","type-page","status-publish","hentry"],"aioseo_notices":[],"_links":{"self":[{"href":"https:\/\/izzato.com\/en\/wp-json\/wp\/v2\/pages\/6014","targetHints":{"allow":["GET"]}}],"collection":[{"href":"https:\/\/izzato.com\/en\/wp-json\/wp\/v2\/pages"}],"about":[{"href":"https:\/\/izzato.com\/en\/wp-json\/wp\/v2\/types\/page"}],"author":[{"embeddable":true,"href":"https:\/\/izzato.com\/en\/wp-json\/wp\/v2\/users\/1"}],"replies":[{"embeddable":true,"href":"https:\/\/izzato.com\/en\/wp-json\/wp\/v2\/comments?post=6014"}],"version-history":[{"count":0,"href":"https:\/\/izzato.com\/en\/wp-json\/wp\/v2\/pages\/6014\/revisions"}],"wp:attachment":[{"href":"https:\/\/izzato.com\/en\/wp-json\/wp\/v2\/media?parent=6014"}],"curies":[{"name":"wp","href":"https:\/\/api.w.org\/{rel}","templated":true}]}}