{"id":6001,"date":"2023-10-20T11:21:47","date_gmt":"2023-10-20T11:21:47","guid":{"rendered":"https:\/\/izzato.com\/?page_id=6001"},"modified":"2023-11-06T14:53:38","modified_gmt":"2023-11-06T14:53:38","slug":"plataforma-de-eventos","status":"publish","type":"page","link":"https:\/\/izzato.com\/en\/plataforma-de-eventos\/","title":{"rendered":"Plataforma de eventos"},"content":{"rendered":"<div data-elementor-type=\"wp-page\" data-elementor-id=\"6001\" class=\"elementor elementor-6001\">\n\t\t\t\t\t\t<section class=\"elementor-section elementor-top-section elementor-element elementor-element-ddae6df project-details-area elementor-section-boxed elementor-section-height-default elementor-section-height-default\" data-id=\"ddae6df\" data-element_type=\"section\">\n\t\t\t\t\t\t<div class=\"elementor-container elementor-column-gap-no\">\n\t\t\t\t\t<div class=\"elementor-column elementor-col-100 elementor-top-column elementor-element elementor-element-100d569\" data-id=\"100d569\" data-element_type=\"column\">\n\t\t\t<div class=\"elementor-widget-wrap elementor-element-populated\">\n\t\t\t\t\t\t<section class=\"elementor-section elementor-inner-section elementor-element elementor-element-11df731 elementor-section-full_width elementor-section-height-default elementor-section-height-default\" data-id=\"11df731\" data-element_type=\"section\">\n\t\t\t\t\t\t<div class=\"elementor-container elementor-column-gap-no\">\n\t\t\t\t\t<div class=\"elementor-column elementor-col-100 elementor-inner-column elementor-element elementor-element-49bbf6a\" data-id=\"49bbf6a\" data-element_type=\"column\">\n\t\t\t<div class=\"elementor-widget-wrap elementor-element-populated\">\n\t\t\t\t\t\t<div class=\"elementor-element elementor-element-91dbe9a elementor-widget elementor-widget-image\" data-id=\"91dbe9a\" data-element_type=\"widget\" data-widget_type=\"image.default\">\n\t\t\t\t<div class=\"elementor-widget-container\">\n\t\t\t\t\t\t\t\t\t\t\t\t\t\t\t<img fetchpriority=\"high\" decoding=\"async\" width=\"751\" height=\"526\" src=\"https:\/\/izzato.com\/wp-content\/uploads\/2023\/10\/logo_bienal_preto2.png\" class=\"attachment-large size-large wp-image-6003\" alt=\"\" srcset=\"https:\/\/izzato.com\/wp-content\/uploads\/2023\/10\/logo_bienal_preto2.png 1000w, https:\/\/izzato.com\/wp-content\/uploads\/2023\/10\/logo_bienal_preto2-300x210.png 300w, https:\/\/izzato.com\/wp-content\/uploads\/2023\/10\/logo_bienal_preto2-768x538.png 768w\" sizes=\"(max-width: 751px) 100vw, 751px\" \/>\t\t\t\t\t\t\t\t\t\t\t\t\t\t\t<\/div>\n\t\t\t\t<\/div>\n\t\t\t\t<div class=\"elementor-element elementor-element-6d1cd57 elementor-widget elementor-widget-digaluprojectinfo\" data-id=\"6d1cd57\" data-element_type=\"widget\" data-widget_type=\"digaluprojectinfo.default\">\n\t\t\t\t<div class=\"elementor-widget-container\">\n\t\t\t\t\t<!-----------------------Start Project Inforamtion Area-----------------------><div class=\"project-info mt-md-50 mt-xs-40\"><h3 class=\"title\">Integra\u00e7\u00e3o de Sistemas<\/h3><div class=\"content\"><ul class=\"project-basic-info\"><li>Cliente <span>PRE <\/span><\/li><li>Tipo de projeto  <span>Platafomrma de eventos<\/span><\/li><li>Data <span>25 Fevereiro 2022<\/span><\/li><li>Localidade <span>Viseu<\/span><\/li><\/ul><ul class=\"social\"><h4>Follow us:<\/h4><li><a  target=\"_blank\" rel=\"nofollow\" href=\"http:\/\/facebook.com\/izzatoweb%20\"><i aria-hidden=\"true\" class=\"fab fa-facebook-f\"><\/i><\/a><\/li><li><a  target=\"_blank\" rel=\"nofollow\" href=\"https:\/\/www.instagram.com\/izzatoweb\/\"><i aria-hidden=\"true\" class=\"fab fa-instagram\"><\/i><\/a><\/li><li><a  target=\"_blank\" rel=\"nofollow\" href=\"http:\/\/twitter.com\/izzatoweb\"><i aria-hidden=\"true\" class=\"fab fa-twitter\"><\/i><\/a><\/li><li><a  target=\"_blank\" rel=\"nofollow\" href=\"http:\/\/linkedin.com\/company\/izzato\"><i aria-hidden=\"true\" class=\"fab fa-linkedin-in\"><\/i><\/a><\/li><\/ul><\/div><\/div><!-----------------------Start Project Inforamtion Area----------------------->\t\t\t\t<\/div>\n\t\t\t\t<\/div>\n\t\t\t\t\t<\/div>\n\t\t<\/div>\n\t\t\t\t\t<\/div>\n\t\t<\/section>\n\t\t\t\t<section class=\"elementor-section elementor-inner-section elementor-element elementor-element-a40b9bb elementor-section-full_width elementor-section-height-default elementor-section-height-default\" data-id=\"a40b9bb\" data-element_type=\"section\">\n\t\t\t\t\t\t<div class=\"elementor-container elementor-column-gap-no\">\n\t\t\t\t\t<div class=\"elementor-column elementor-col-100 elementor-inner-column elementor-element elementor-element-1e07c89\" data-id=\"1e07c89\" data-element_type=\"column\">\n\t\t\t<div class=\"elementor-widget-wrap elementor-element-populated\">\n\t\t\t\t\t\t<div class=\"elementor-element elementor-element-e8907ea elementor-widget elementor-widget-text-editor\" data-id=\"e8907ea\" data-element_type=\"widget\" data-widget_type=\"text-editor.default\">\n\t\t\t\t<div class=\"elementor-widget-container\">\n\t\t\t\t\t\t\t\t\t<div class=\"top-info\">\n<div class=\"row\">\n<div class=\"col-xl-12 left-info\">\n<h1>Objetivos<\/h1>\nElaborar uma plataforma para gest\u00e3o de eventos que permita configurar o evento de uma forma r\u00e1pida e simples, virtualizar o evento de uma forma din\u00e2mica e interativa, gerir participantes, venda de bilhetes, envolver os participantes atrav\u00e9s de solu\u00e7\u00f5es din\u00e2micas, tais como stands virtuais, marca\u00e7\u00e3o de reuni\u00f5es com os expositores, entre outras. Pode visitar este projeto <a href=\"http:\/\/bienalarteseoficios.pt\">aqui<\/a>:\n<ul class=\"check-list mt-30\">\n \t\n<\/ul>\n<\/div>\n<\/div>\n<\/div>\t\t\t\t\t\t\t\t<\/div>\n\t\t\t\t<\/div>\n\t\t\t\t\t<\/div>\n\t\t<\/div>\n\t\t\t\t\t<\/div>\n\t\t<\/section>\n\t\t\t\t\t<\/div>\n\t\t<\/div>\n\t\t\t\t\t<\/div>\n\t\t<\/section>\n\t\t\t\t<\/div>","protected":false},"excerpt":{"rendered":"<p>Integra\u00e7\u00e3o de Sistemas Cliente PRE Tipo de projeto Platafomrma de eventos Data 25 Fevereiro 2022 Localidade Viseu Follow us: Objetivos Elaborar uma plataforma para gest\u00e3o de eventos que permita configurar o evento de uma forma r\u00e1pida e simples, virtualizar o evento de uma forma din\u00e2mica e interativa, gerir participantes, venda de bilhetes, envolver os participantes&#8230;<\/p>","protected":false},"author":1,"featured_media":0,"parent":0,"menu_order":0,"comment_status":"closed","ping_status":"closed","template":"template-builder.php","meta":{"_monsterinsights_skip_tracking":false,"_monsterinsights_sitenote_active":false,"_monsterinsights_sitenote_note":"","_monsterinsights_sitenote_category":0,"footnotes":""},"class_list":["post-6001","page","type-page","status-publish","hentry"],"aioseo_notices":[],"_links":{"self":[{"href":"https:\/\/izzato.com\/en\/wp-json\/wp\/v2\/pages\/6001","targetHints":{"allow":["GET"]}}],"collection":[{"href":"https:\/\/izzato.com\/en\/wp-json\/wp\/v2\/pages"}],"about":[{"href":"https:\/\/izzato.com\/en\/wp-json\/wp\/v2\/types\/page"}],"author":[{"embeddable":true,"href":"https:\/\/izzato.com\/en\/wp-json\/wp\/v2\/users\/1"}],"replies":[{"embeddable":true,"href":"https:\/\/izzato.com\/en\/wp-json\/wp\/v2\/comments?post=6001"}],"version-history":[{"count":0,"href":"https:\/\/izzato.com\/en\/wp-json\/wp\/v2\/pages\/6001\/revisions"}],"wp:attachment":[{"href":"https:\/\/izzato.com\/en\/wp-json\/wp\/v2\/media?parent=6001"}],"curies":[{"name":"wp","href":"https:\/\/api.w.org\/{rel}","templated":true}]}}