{"id":3,"date":"2023-10-10T16:53:01","date_gmt":"2023-10-10T16:53:01","guid":{"rendered":"https:\/\/izzato.com\/?page_id=3"},"modified":"2025-01-21T18:25:31","modified_gmt":"2025-01-21T18:25:31","slug":"politica-de-privacidade","status":"publish","type":"page","link":"https:\/\/izzato.com\/en\/politica-de-privacidade\/","title":{"rendered":"Politica de Privacidade"},"content":{"rendered":"<div data-elementor-type=\"wp-page\" data-elementor-id=\"3\" class=\"elementor elementor-3\">\n\t\t\t\t<div class=\"elementor-element elementor-element-711cca72 e-flex e-con-boxed e-con e-parent\" data-id=\"711cca72\" data-element_type=\"container\">\n\t\t\t\t\t<div class=\"e-con-inner\">\n\t\t\t\t<div class=\"elementor-element elementor-element-2ce848f elementor-widget elementor-widget-heading\" data-id=\"2ce848f\" data-element_type=\"widget\" data-widget_type=\"heading.default\">\n\t\t\t\t<div class=\"elementor-widget-container\">\n\t\t\t\t\t<h2 class=\"elementor-heading-title elementor-size-default\">Politica de privacidade<\/h2>\t\t\t\t<\/div>\n\t\t\t\t<\/div>\n\t\t\t\t<div class=\"elementor-element elementor-element-17254659 elementor-widget elementor-widget-text-editor\" data-id=\"17254659\" data-element_type=\"widget\" data-widget_type=\"text-editor.default\">\n\t\t\t\t<div class=\"elementor-widget-container\">\n\t\t\t\t\t\t\t\t\t\n<p>A Izzato Ag\u00eancia Digital, Lda preocupa-se com a sua privacidade, adotando medidas para proteger os seus dados pessoais. Esta Pol\u00edtica de Privacidade regula o tratamento de dados pessoais recolhidos no website da izzato aos quais seja aplic\u00e1vel a Lei portuguesa, sem preju\u00edzo das regras obrigatoriamente aplic\u00e1veis nos termos da lei.<\/p>\n\n<h2 class=\"wp-block-heading\"><strong>1. Porqu\u00ea esta pol\u00edtica de privacidade?<\/strong><\/h2>\n\n<p>Com este documento pretendemos dar a conhecer aos nossos utilizadores as regras gerais de privacidade e tratamento dos seus dados pessoais, que s\u00e3o recolhidos, no estrito respeito e cumprimento da Lei n.\u00ba 67\/98 de 26 de outubro de 1998 (\u201cLei de Prote\u00e7\u00e3o de Dados Pessoais\u201d) e do Regulamento Geral de Prote\u00e7\u00e3o de Dados (RGPD) de 25 de maio de 2018, seja para efeitos do processo de registo pr\u00e9vio, seja para efeitos do acesso ou rece\u00e7\u00e3o de boletins informativos disponibilizados pela Izzato Ag\u00eancia Digital, Lda. A disponibiliza\u00e7\u00e3o dos seus dados pessoais implica o conhecimento e aceita\u00e7\u00e3o das condi\u00e7\u00f5es constantes desta Pol\u00edtica de Privacidade. Assim, ao disponibilizar os seus dados pessoais, o Utilizador est\u00e1 a autorizar a recolha e uso dos mesmos de acordo com as regras aqui definidas e nos instrumentos de recolha aplic\u00e1veis.<\/p>\n\n<h2 class=\"wp-block-heading\"><strong>2. Quem s\u00e3o os destinat\u00e1rios da Pol\u00edtica de Privacidade?<\/strong><\/h2>\n\n<p>A Pol\u00edtica de Privacidade \u00e9 aplic\u00e1vel a qualquer utilizador registado no website <a href=\"\/en\/izzato.com\/\" target=\"_blank\" rel=\"noopener\">izzato.com<\/a>(doravante \u201cUtilizador\u201d).<\/p>\n\n<h2 class=\"wp-block-heading\"><strong>3. Que tipo de dados pessoais recolhemos dos nossos Utilizadores?<\/strong><\/h2>\n\n<p>O acesso ao boletim informativo pressup\u00f5e o pr\u00e9vio registo. Para efetuar o Registo, \u00e9 solicitado ao Utilizador a disponibiliza\u00e7\u00e3o de alguns dados pessoais (i.e. informa\u00e7\u00e3o de natureza pessoal pass\u00edvel de permitir identificar o Utilizador). No que diz respeito, em concreto, ao registo do boletim informativo, \u00e9 solicitado ao Utilizador que disponibilize alguns dados obrigat\u00f3rios como o nome e o endere\u00e7o de e-mail. O fornecimento dos dados solicitados nos diferente formul\u00e1rios do site da Izzato Ag\u00eancia Digital, Lda \u00e9 obrigat\u00f3rio para que o utilizador possa ter acesso aos diferente servi\u00e7os dispon\u00edveis.<\/p>\n\n<h2 class=\"wp-block-heading\"><strong>4. Como utilizamos os seus dados pessoais?<\/strong><\/h2>\n\n<p>A Izzato Ag\u00eancia Digital, Lda recolhe e trata os dados pessoais para gest\u00e3o da rela\u00e7\u00e3o com o Utilizador.<br \/>Os dados facultados ser\u00e3o utilizamos para comunicar consigo.<br \/>Sem preju\u00edzo dos direitos dos Utilizadores, os dados pessoais ser\u00e3o armazenados pelo per\u00edodo legalmente admitido.<\/p>\n\n<h2 class=\"wp-block-heading\"><strong>5. Como poder\u00e1 aceder ou retificar os seus dados pessoais?<\/strong><\/h2>\n\n<p>Nos termos da Lei de Prote\u00e7\u00e3o de Dados Pessoais, \u00e9 garantido ao Utilizador o direito de atualiza\u00e7\u00e3o, retifica\u00e7\u00e3o ou elimina\u00e7\u00e3o dos seus dados pessoais, a todo o tempo, diretamente na rece\u00e7\u00e3o do boletim informativo ou mediante pedido por escrito para <a href=\"mailto:info@izzato.com\">info@izzato.com<\/a><\/p>\n\n<h2 class=\"wp-block-heading\"><strong>6. Utiliza\u00e7\u00e3o de \u201ccookies\u201d, no que consiste?<\/strong><\/h2>\n\n<p>O site <a href=\"http:\/\/izzato.com\/en\/\">izzato.com<\/a> poder\u00e1 utilizar cookies que \u00e9 um pequeno ficheiro informativo que \u00e9 enviado do servidor do site da Izzato Ag\u00eancia Digital, Lda para o browser do leitor e armazenado no respetivo computador, telem\u00f3vel\/smartphone ou tablet. Estes cookies ser\u00e3o apenas utilizados com o objetivo de nos ajudar a determinar a utilidade, interesse e o n\u00famero de utiliza\u00e7\u00f5es do site <a href=\"http:\/\/izzato.com\/en\/\">izzato.com<\/a>. Cada cookie utilizado tem uma fun\u00e7\u00e3o e uma data de validade. Utilizamos cookies anal\u00edticos para efeitos de cria\u00e7\u00e3o e an\u00e1lise de estat\u00edsticas, no sentido de melhorar o funcionamento do website e cookies de funcionalidade que guardam as prefer\u00eancias do utilizador relativamente \u00e0 utiliza\u00e7\u00e3o do site, de forma que n\u00e3o seja necess\u00e1rio voltar a configurar o site cada vez que o visita.<\/p>\n\n<h2 class=\"wp-block-heading\"><strong>7. Utiliza\u00e7\u00e3o do endere\u00e7os de IP?<\/strong><\/h2>\n\n<p>S\u00e3o registados os endere\u00e7os IP de todas as liga\u00e7\u00f5es no site <a href=\"http:\/\/izzato.com\/en\/\">izzato.com<\/a>. Esta informa\u00e7\u00e3o ser\u00e1 utilizada para efetuar an\u00e1lises estat\u00edsticas agregadas, n\u00e3o sendo estabelecida qualquer rela\u00e7\u00e3o com os servi\u00e7os e intera\u00e7\u00f5es com os utilizadores. A Izzato Ag\u00eancia Digital, Lda monitorizar\u00e1 toda a informa\u00e7\u00e3o estat\u00edstica relativa \u00e0 utiliza\u00e7\u00e3o do portal de forma agregada e an\u00f3nima. Os dados utilizados para este fim n\u00e3o cont\u00eam dados de identifica\u00e7\u00e3o pessoal ou informa\u00e7\u00e3o privada. As an\u00e1lises efetuadas a partir da informa\u00e7\u00e3o estat\u00edstica agregada ser\u00e3o efetuadas para interpretar os padr\u00f5es de utiliza\u00e7\u00e3o do site e melhorar, de forma cont\u00ednua, os n\u00edveis de servi\u00e7o e a satisfa\u00e7\u00e3o do utilizador. A informa\u00e7\u00e3o estat\u00edstica agregada resultante das an\u00e1lises efetuadas poder\u00e1 ser revelada a terceiros ou publicamente.<\/p>\n\n<h2 class=\"wp-block-heading\"><strong>8. Como protegemos os seus dados?<\/strong><\/h2>\n\n<p>A Izzato Ag\u00eancia Digital, Lda est\u00e1 empenhada na prote\u00e7\u00e3o da seguran\u00e7a das informa\u00e7\u00f5es pessoais que nos disponibiliza, assegurando que os seus dados pessoais ser\u00e3o recolhidos com condi\u00e7\u00f5es de seguran\u00e7a. No entanto, e apesar dos nossos esfor\u00e7os para proteger os seus dados pessoais, h\u00e1 sempre algum risco dos seus dados poderem ser acedidos por terceiros. Assim, apelamos que tome regularmente precau\u00e7\u00f5es que possibilitem maior seguran\u00e7a enquanto utiliza a Internet.<\/p>\n\n<h2 class=\"wp-block-heading\"><strong>9. Pol\u00edtica de Privacidade do Boletim Informativo?<\/strong><\/h2>\n<p><!-- \/wp:heading --><!-- wp:paragraph --><\/p>\n<p>A subscri\u00e7\u00e3o do boletim informativo garante a rece\u00e7\u00e3o periodicamente e-mails informativos da Izzato Ag\u00eancia Digital, Lda. O boletim informativo n\u00e3o apresentam uma periodicidade certa. A Izzato Ag\u00eancia Digital, Lda reserva-se ao direito de modificar ou descontinuar o envio do boletim informativo sem qualquer aviso pr\u00e9vio. O registo do boletim informativo \u00e9 realizado atrav\u00e9s de um formul\u00e1rio de subscri\u00e7\u00e3o online. A Izzato Ag\u00eancia Digital, Lda n\u00e3o revelar\u00e1, comunicar\u00e1, distribuir\u00e1 ou ceder\u00e1 de qualquer forma os dados dos seus utilizadores. A qualquer momento \u00e9 poss\u00edvel ao subscritor remover ou atualizar o seus dados, atrav\u00e9s de links existentes no final do boletim informativo. O boletins informativos podem conter cookies para fins estat\u00edsticos.<\/p>\n<h2 class=\"wp-block-heading\"><strong>10. Altera\u00e7\u00f5es na nossa Pol\u00edtica de Privacidade?<\/strong><\/h2>\n<p><!-- \/wp:heading --><!-- wp:paragraph --><\/p>\n<p>A Izzato Ag\u00eancia Digital, Lda reserva-se o direito de a qualquer altura proceder a reajustamentos ou altera\u00e7\u00f5es \u00e0 presente Pol\u00edtica de Privacidade.<br \/>Estas altera\u00e7\u00f5es ser\u00e3o devidamente publicitadas na site <a href=\"http:\/\/izzato.com\/en\/\">izzato.com<\/a>. Se a altera\u00e7\u00e3o for substancial e\/ou tiver implica\u00e7\u00f5es na forma como usamos os seus dados pessoais, ser\u00e1 devidamente informado.<\/p>\n<h2 class=\"wp-block-heading\"><strong>11. Quest\u00f5es e Sugest\u00f5es?<\/strong><\/h2>\n<p><!-- \/wp:heading --><!-- wp:paragraph --><\/p>\n<p>Para qualquer d\u00favida, reclama\u00e7\u00e3o ou coment\u00e1rio sobre esta Politica de Privacidade, por favor entre em contacto connosco atrav\u00e9s do e-mail <a href=\"mailto:info@izzato.com\">i<\/a>nfo@izzato.com<br \/>Esta Pol\u00edtica de Privacidade \u00e9 parte integrante, para todos os efeitos, da Pol\u00edtica de Utiliza\u00e7\u00e3o do site <a href=\"http:\/\/izzato.com\/en\/\">izzato.com<\/a><\/p>\n<h2 class=\"wp-block-heading\"><strong>12. Resolu\u00e7\u00e3o de Lit\u00edgios de Consumo?<\/strong><\/h2>\n<p><!-- \/wp:heading --><!-- wp:paragraph --><\/p>\n<p>A Resolu\u00e7\u00e3o Alternativa de Lit\u00edgios de Consumos (RAL) abrange a media\u00e7\u00e3o, a concilia\u00e7\u00e3o e a arbitragem. As entidades RAL s\u00e3o as entidades autorizadas a efetuar a media\u00e7\u00e3o, concilia\u00e7\u00e3o e arbitragem de lit\u00edgios de consumo em Portugal que devem estar inscritas na lista de entidades RAL prevista pela Lei n.\u00ba 144\/2015. S\u00e3o entidades independentes, com pessoal especializado, que, de modo imparcial, por um lado, ajudam o consumidor e a empresa a chegar a uma solu\u00e7\u00e3o amig\u00e1vel por via da media\u00e7\u00e3o ou da concilia\u00e7\u00e3o ou, por outro lado, caso esse acordo n\u00e3o seja alcan\u00e7ado, permitem que seja tomada uma decis\u00e3o por \u00e1rbitros num um processo simples e r\u00e1pido, por via da arbitragem. Pode consultar em\u00a0<a href=\"http:\/\/www.consumidor.pt\/\">www.consumidor.pt<\/a>\u00a0a lista atualizada de entidades RAL, bem como os tipos de lit\u00edgio abrangidos.<\/p>\n<h2 class=\"wp-block-heading\"><strong>13. Nome e contacto do Respons\u00e1vel pelo tratamento de Dados?<\/strong><\/h2>\n<p><!-- \/wp:heading --><!-- wp:paragraph --><\/p>\n<p>O Respons\u00e1vel pelo tratamento \u00e9 a Izzato Ag\u00eancia Digital, Lda, com sede Rua Cardoso Avelino, 21 4700-212 Braga, Portugal, NIPC: 516038133. Telefone: 253 00 89 8<a href=\"tel:tel:253324538\">0<\/a>. E-mail: <a href=\"mailto:info@izzato.com\">i<\/a>nfo@izzato.com<\/p>\t\t\t\t\t\t\t\t<\/div>\n\t\t\t\t<\/div>\n\t\t\t\t\t<\/div>\n\t\t\t\t<\/div>\n\t\t\t\t<\/div>","protected":false},"excerpt":{"rendered":"<p>Politica de privacidade A Izzato Ag\u00eancia Digital, Lda preocupa-se com a sua privacidade, adotando medidas para proteger os seus dados pessoais. Esta Pol\u00edtica de Privacidade regula o tratamento de dados pessoais recolhidos no website da izzato aos quais seja aplic\u00e1vel a Lei portuguesa, sem preju\u00edzo das regras obrigatoriamente aplic\u00e1veis nos termos da lei. 1. Porqu\u00ea&#8230;<\/p>","protected":false},"author":1,"featured_media":0,"parent":0,"menu_order":0,"comment_status":"closed","ping_status":"closed","template":"","meta":{"_monsterinsights_skip_tracking":false,"_monsterinsights_sitenote_active":false,"_monsterinsights_sitenote_note":"","_monsterinsights_sitenote_category":0,"footnotes":""},"class_list":["post-3","page","type-page","status-publish","hentry"],"aioseo_notices":[],"_links":{"self":[{"href":"https:\/\/izzato.com\/en\/wp-json\/wp\/v2\/pages\/3","targetHints":{"allow":["GET"]}}],"collection":[{"href":"https:\/\/izzato.com\/en\/wp-json\/wp\/v2\/pages"}],"about":[{"href":"https:\/\/izzato.com\/en\/wp-json\/wp\/v2\/types\/page"}],"author":[{"embeddable":true,"href":"https:\/\/izzato.com\/en\/wp-json\/wp\/v2\/users\/1"}],"replies":[{"embeddable":true,"href":"https:\/\/izzato.com\/en\/wp-json\/wp\/v2\/comments?post=3"}],"version-history":[{"count":7,"href":"https:\/\/izzato.com\/en\/wp-json\/wp\/v2\/pages\/3\/revisions"}],"predecessor-version":[{"id":7413,"href":"https:\/\/izzato.com\/en\/wp-json\/wp\/v2\/pages\/3\/revisions\/7413"}],"wp:attachment":[{"href":"https:\/\/izzato.com\/en\/wp-json\/wp\/v2\/media?parent=3"}],"curies":[{"name":"wp","href":"https:\/\/api.w.org\/{rel}","templated":true}]}}