{"id":107,"date":"2022-10-18T13:23:03","date_gmt":"2022-10-18T13:23:03","guid":{"rendered":"https:\/\/wordpress.validthemes.net\/digalu\/?page_id=107"},"modified":"2023-11-06T14:52:58","modified_gmt":"2023-11-06T14:52:58","slug":"integracao-de-sistemas-2","status":"publish","type":"page","link":"https:\/\/izzato.com\/en\/integracao-de-sistemas-2\/","title":{"rendered":"Integra\u00e7\u00e3o de Sistemas"},"content":{"rendered":"<div data-elementor-type=\"wp-page\" data-elementor-id=\"107\" class=\"elementor elementor-107\">\n\t\t\t\t\t\t<section class=\"elementor-section elementor-top-section elementor-element elementor-element-ddae6df project-details-area elementor-section-boxed elementor-section-height-default elementor-section-height-default\" data-id=\"ddae6df\" data-element_type=\"section\">\n\t\t\t\t\t\t<div class=\"elementor-container elementor-column-gap-no\">\n\t\t\t\t\t<div class=\"elementor-column elementor-col-100 elementor-top-column elementor-element elementor-element-100d569\" data-id=\"100d569\" data-element_type=\"column\">\n\t\t\t<div class=\"elementor-widget-wrap elementor-element-populated\">\n\t\t\t\t\t\t<section class=\"elementor-section elementor-inner-section elementor-element elementor-element-11df731 elementor-section-full_width elementor-section-height-default elementor-section-height-default\" data-id=\"11df731\" data-element_type=\"section\">\n\t\t\t\t\t\t<div class=\"elementor-container elementor-column-gap-no\">\n\t\t\t\t\t<div class=\"elementor-column elementor-col-100 elementor-inner-column elementor-element elementor-element-49bbf6a\" data-id=\"49bbf6a\" data-element_type=\"column\">\n\t\t\t<div class=\"elementor-widget-wrap elementor-element-populated\">\n\t\t\t\t\t\t<div class=\"elementor-element elementor-element-91dbe9a elementor-widget elementor-widget-image\" data-id=\"91dbe9a\" data-element_type=\"widget\" data-widget_type=\"image.default\">\n\t\t\t\t<div class=\"elementor-widget-container\">\n\t\t\t\t\t\t\t\t\t\t\t\t\t\t\t<img fetchpriority=\"high\" decoding=\"async\" width=\"1920\" height=\"1080\" src=\"https:\/\/izzato.com\/wp-content\/uploads\/2023\/10\/homepage.jpg\" class=\"attachment-full size-full wp-image-5989\" alt=\"\" srcset=\"https:\/\/izzato.com\/wp-content\/uploads\/2023\/10\/homepage.jpg 1920w, https:\/\/izzato.com\/wp-content\/uploads\/2023\/10\/homepage-300x169.jpg 300w, https:\/\/izzato.com\/wp-content\/uploads\/2023\/10\/homepage-1024x576.jpg 1024w, https:\/\/izzato.com\/wp-content\/uploads\/2023\/10\/homepage-768x432.jpg 768w, https:\/\/izzato.com\/wp-content\/uploads\/2023\/10\/homepage-1536x864.jpg 1536w\" sizes=\"(max-width: 1920px) 100vw, 1920px\" \/>\t\t\t\t\t\t\t\t\t\t\t\t\t\t\t<\/div>\n\t\t\t\t<\/div>\n\t\t\t\t<div class=\"elementor-element elementor-element-6d1cd57 elementor-widget elementor-widget-digaluprojectinfo\" data-id=\"6d1cd57\" data-element_type=\"widget\" data-widget_type=\"digaluprojectinfo.default\">\n\t\t\t\t<div class=\"elementor-widget-container\">\n\t\t\t\t\t<!-----------------------Start Project Inforamtion Area-----------------------><div class=\"project-info mt-md-50 mt-xs-40\"><h3 class=\"title\">Integra\u00e7\u00e3o de Sistemas<\/h3><div class=\"content\"><ul class=\"project-basic-info\"><li>Cliente <span>Motopor<\/span><\/li><li>Tipo de projeto <span>Plataforma de Usados<\/span><\/li><li>Data <span>25 Fevereiro 2022<\/span><\/li><li>Localidade <span>Set\u00fabal <\/span><\/li><\/ul><ul class=\"social\"><h4>Follow us:<\/h4><li><a  target=\"_blank\" rel=\"nofollow\" href=\"http:\/\/facebook.com\/izzatoweb%20\"><i aria-hidden=\"true\" class=\"fab fa-facebook-f\"><\/i><\/a><\/li><li><a  target=\"_blank\" rel=\"nofollow\" href=\"https:\/\/www.instagram.com\/izzatoweb\/\"><i aria-hidden=\"true\" class=\"fab fa-instagram\"><\/i><\/a><\/li><li><a  target=\"_blank\" rel=\"nofollow\" href=\"http:\/\/twitter.com\/izzatoweb\"><i aria-hidden=\"true\" class=\"fab fa-twitter\"><\/i><\/a><\/li><li><a  target=\"_blank\" rel=\"nofollow\" href=\"http:\/\/linkedin.com\/company\/izzato\"><i aria-hidden=\"true\" class=\"fab fa-linkedin-in\"><\/i><\/a><\/li><\/ul><\/div><\/div><!-----------------------Start Project Inforamtion Area----------------------->\t\t\t\t<\/div>\n\t\t\t\t<\/div>\n\t\t\t\t\t<\/div>\n\t\t<\/div>\n\t\t\t\t\t<\/div>\n\t\t<\/section>\n\t\t\t\t<section class=\"elementor-section elementor-inner-section elementor-element elementor-element-1aab408 elementor-section-full_width elementor-section-height-default elementor-section-height-default\" data-id=\"1aab408\" data-element_type=\"section\">\n\t\t\t\t\t\t<div class=\"elementor-container elementor-column-gap-no\">\n\t\t\t\t\t<div class=\"elementor-column elementor-col-100 elementor-inner-column elementor-element elementor-element-8993fe5\" data-id=\"8993fe5\" data-element_type=\"column\">\n\t\t\t<div class=\"elementor-widget-wrap elementor-element-populated\">\n\t\t\t\t\t\t<div class=\"elementor-element elementor-element-209e82a elementor-widget elementor-widget-text-editor\" data-id=\"209e82a\" data-element_type=\"widget\" data-widget_type=\"text-editor.default\">\n\t\t\t\t<div class=\"elementor-widget-container\">\n\t\t\t\t\t\t\t\t\t<div class=\"top-info\"><div class=\"row\"><div class=\"col-xl-12 left-info\"><h1>Objetivo<\/h1><p>Assegurar o design e desenvolvimento da solu\u00e7\u00e3o web com foco na <em>&#8220;User Experience&#8221;<\/em> e <em>&#8220;User Interface&#8221;<\/em>, privilegiando a experi\u00eancia do utilizador, permitindo uma navega\u00e7\u00e3o imersiva e intuitiva, tendo o meio mobile com priorit\u00e1rio. A estrutura do website dever\u00e1 refletir a sensibilidade art\u00edstica e est\u00e9tica deste novo conceito. Para o consumidor final, a experi\u00eancia que o Grupo Motorpor proporciona dever\u00e1 come\u00e7a no website.\u00a0 Este projeto teve com objetivo principal a integra\u00e7\u00e3o de duas plataformas, uma de gest\u00e3o de viaturas usadas e outra de viaturas novas. Conhe\u00e7a o projeto <a href=\"http:\/\/motorpor.pt\" target=\"_blank\" rel=\"noopener\">aqui<\/a>:<\/p><\/div><\/div><\/div>\t\t\t\t\t\t\t\t<\/div>\n\t\t\t\t<\/div>\n\t\t\t\t\t<\/div>\n\t\t<\/div>\n\t\t\t\t\t<\/div>\n\t\t<\/section>\n\t\t\t\t\t<\/div>\n\t\t<\/div>\n\t\t\t\t\t<\/div>\n\t\t<\/section>\n\t\t\t\t<\/div>","protected":false},"excerpt":{"rendered":"<p>Integra\u00e7\u00e3o de Sistemas Cliente Motopor Tipo de projeto Plataforma de Usados Data 25 Fevereiro 2022 Localidade Set\u00fabal Follow us: Objetivo Assegurar o design e desenvolvimento da solu\u00e7\u00e3o web com foco na &#8220;User Experience&#8221; e &#8220;User Interface&#8221;, privilegiando a experi\u00eancia do utilizador, permitindo uma navega\u00e7\u00e3o imersiva e intuitiva, tendo o meio mobile com priorit\u00e1rio. A estrutura&#8230;<\/p>","protected":false},"author":1,"featured_media":0,"parent":0,"menu_order":0,"comment_status":"closed","ping_status":"closed","template":"template-builder.php","meta":{"_monsterinsights_skip_tracking":false,"_monsterinsights_sitenote_active":false,"_monsterinsights_sitenote_note":"","_monsterinsights_sitenote_category":0,"footnotes":""},"class_list":["post-107","page","type-page","status-publish","hentry"],"aioseo_notices":[],"_links":{"self":[{"href":"https:\/\/izzato.com\/en\/wp-json\/wp\/v2\/pages\/107","targetHints":{"allow":["GET"]}}],"collection":[{"href":"https:\/\/izzato.com\/en\/wp-json\/wp\/v2\/pages"}],"about":[{"href":"https:\/\/izzato.com\/en\/wp-json\/wp\/v2\/types\/page"}],"author":[{"embeddable":true,"href":"https:\/\/izzato.com\/en\/wp-json\/wp\/v2\/users\/1"}],"replies":[{"embeddable":true,"href":"https:\/\/izzato.com\/en\/wp-json\/wp\/v2\/comments?post=107"}],"version-history":[{"count":0,"href":"https:\/\/izzato.com\/en\/wp-json\/wp\/v2\/pages\/107\/revisions"}],"wp:attachment":[{"href":"https:\/\/izzato.com\/en\/wp-json\/wp\/v2\/media?parent=107"}],"curies":[{"name":"wp","href":"https:\/\/api.w.org\/{rel}","templated":true}]}}